{"id":53557,"date":"2025-07-30T10:22:15","date_gmt":"2025-07-30T08:22:15","guid":{"rendered":"https:\/\/www.vita34.ch\/verzeichnis-der-lebensrettenden-transplantationen\/"},"modified":"2025-10-24T09:34:12","modified_gmt":"2025-10-24T07:34:12","slug":"liste-des-transplantations-vitales","status":"publish","type":"page","link":"https:\/\/www.vita34.ch\/fr\/liste-des-transplantations-vitales\/","title":{"rendered":"Registre des transplantations vitales"},"content":{"rendered":"<p>Nous conservons les cellules souches en toute s\u00e9curit\u00e9 pour chaque famille. Elles restent toujours la propri\u00e9t\u00e9 exclusive de la famille et ne sont lib\u00e9r\u00e9es que pour ses propres traitements m\u00e9dicaux.<\/p>\r\n<p>Par ailleurs, le Groupe FamiCord s\u2019engage \u00e9galement dans le domaine du don : gr\u00e2ce \u00e0 notre r\u00e9seau international de centres de transplantation, plus de 7 000 patients ont d\u00e9j\u00e0 pu \u00eatre trait\u00e9s avec succ\u00e8s \u00e0 l\u2019aide de cellules souches issues des laboratoires du Groupe \u2013 qu\u2019il s\u2019agisse de cellules souches lib\u00e9r\u00e9es pour leur propre famille (\u00ab apparent\u00e9es \u00bb) ou de cellules souches donn\u00e9es volontairement (\u00ab non apparent\u00e9es \u00bb).<\/p>\r\n<p>Dans la liste, vous pouvez voir la provenance des cellules souches, les diagnostics pour lesquels elles ont \u00e9t\u00e9 utilis\u00e9es, ainsi que de nombreuses autres informations.<\/p>\r\n<p>&nbsp;<\/p>\r\n<p><strong>Liste des traitements avec des \u00e9chantillons de cellules souches publi\u00e9e par les laboratoires du groupe FamiCord:<\/strong><\/p>","protected":false},"excerpt":{"rendered":"<p>Nous conservons les cellules souches en toute s\u00e9curit\u00e9 pour chaque famille. Elles restent toujours la propri\u00e9t\u00e9 exclusive de la famille et ne sont lib\u00e9r\u00e9es que pour ses propres traitements m\u00e9dicaux. [&hellip;]<\/p>\n","protected":false},"author":2,"featured_media":0,"parent":0,"menu_order":0,"comment_status":"closed","ping_status":"closed","template":"page-treatment-releases.php","meta":{"_acf_changed":false,"content-type":"","footnotes":""},"class_list":["post-53557","page","type-page","status-publish","hentry"],"acf":[],"yoast_head":"<!-- This site is optimized with the Yoast SEO plugin v27.3 - https:\/\/yoast.com\/product\/yoast-seo-wordpress\/ -->\n<title>Registre des transplantations vitales - Vita34<\/title>\n<meta name=\"robots\" content=\"index, follow, max-snippet:-1, max-image-preview:large, max-video-preview:-1\" \/>\n<link rel=\"canonical\" href=\"https:\/\/www.vita34.ch\/fr\/liste-des-transplantations-vitales\/\" \/>\n<meta property=\"og:locale\" content=\"fr_FR\" \/>\n<meta property=\"og:type\" content=\"article\" \/>\n<meta property=\"og:title\" content=\"Registre des transplantations vitales - Vita34\" \/>\n<meta property=\"og:description\" content=\"Nous conservons les cellules souches en toute s\u00e9curit\u00e9 pour chaque famille. Elles restent toujours la propri\u00e9t\u00e9 exclusive de la famille et ne sont lib\u00e9r\u00e9es que pour ses propres traitements m\u00e9dicaux. [&hellip;]\" \/>\n<meta property=\"og:url\" content=\"https:\/\/www.vita34.ch\/fr\/liste-des-transplantations-vitales\/\" \/>\n<meta property=\"og:site_name\" content=\"Vita34\" \/>\n<meta property=\"article:modified_time\" content=\"2025-10-24T07:34:12+00:00\" \/>\n<meta name=\"twitter:card\" content=\"summary_large_image\" \/>\n<meta name=\"twitter:label1\" content=\"Dur\u00e9e de lecture estim\u00e9e\" \/>\n\t<meta name=\"twitter:data1\" content=\"1 minute\" \/>\n<script type=\"application\/ld+json\" class=\"yoast-schema-graph\">{\"@context\":\"https:\\\/\\\/schema.org\",\"@graph\":[{\"@type\":\"WebPage\",\"@id\":\"https:\\\/\\\/www.vita34.ch\\\/fr\\\/liste-des-transplantations-vitales\\\/\",\"url\":\"https:\\\/\\\/www.vita34.ch\\\/fr\\\/liste-des-transplantations-vitales\\\/\",\"name\":\"Registre des transplantations vitales - Vita34\",\"isPartOf\":{\"@id\":\"https:\\\/\\\/www.vita34.ch\\\/#website\"},\"datePublished\":\"2025-07-30T08:22:15+00:00\",\"dateModified\":\"2025-10-24T07:34:12+00:00\",\"breadcrumb\":{\"@id\":\"https:\\\/\\\/www.vita34.ch\\\/fr\\\/liste-des-transplantations-vitales\\\/#breadcrumb\"},\"inLanguage\":\"fr-FR\",\"potentialAction\":[{\"@type\":\"ReadAction\",\"target\":[\"https:\\\/\\\/www.vita34.ch\\\/fr\\\/liste-des-transplantations-vitales\\\/\"]}]},{\"@type\":\"BreadcrumbList\",\"@id\":\"https:\\\/\\\/www.vita34.ch\\\/fr\\\/liste-des-transplantations-vitales\\\/#breadcrumb\",\"itemListElement\":[{\"@type\":\"ListItem\",\"position\":1,\"name\":\"Startseite\",\"item\":\"https:\\\/\\\/www.vita34.ch\\\/fr\\\/\"},{\"@type\":\"ListItem\",\"position\":2,\"name\":\"Registre des transplantations vitales\"}]},{\"@type\":\"WebSite\",\"@id\":\"https:\\\/\\\/www.vita34.ch\\\/#website\",\"url\":\"https:\\\/\\\/www.vita34.ch\\\/\",\"name\":\"Vita34\",\"description\":\"Einlagerung von Stammzellen bei Vita 34 - die Stammzellbank\",\"potentialAction\":[{\"@type\":\"SearchAction\",\"target\":{\"@type\":\"EntryPoint\",\"urlTemplate\":\"https:\\\/\\\/www.vita34.ch\\\/?s={search_term_string}\"},\"query-input\":{\"@type\":\"PropertyValueSpecification\",\"valueRequired\":true,\"valueName\":\"search_term_string\"}}],\"inLanguage\":\"fr-FR\"}]}<\/script>\n<!-- \/ Yoast SEO plugin. -->","yoast_head_json":{"title":"Registre des transplantations vitales - Vita34","robots":{"index":"index","follow":"follow","max-snippet":"max-snippet:-1","max-image-preview":"max-image-preview:large","max-video-preview":"max-video-preview:-1"},"canonical":"https:\/\/www.vita34.ch\/fr\/liste-des-transplantations-vitales\/","og_locale":"fr_FR","og_type":"article","og_title":"Registre des transplantations vitales - Vita34","og_description":"Nous conservons les cellules souches en toute s\u00e9curit\u00e9 pour chaque famille. Elles restent toujours la propri\u00e9t\u00e9 exclusive de la famille et ne sont lib\u00e9r\u00e9es que pour ses propres traitements m\u00e9dicaux. [&hellip;]","og_url":"https:\/\/www.vita34.ch\/fr\/liste-des-transplantations-vitales\/","og_site_name":"Vita34","article_modified_time":"2025-10-24T07:34:12+00:00","twitter_card":"summary_large_image","twitter_misc":{"Dur\u00e9e de lecture estim\u00e9e":"1 minute"},"schema":{"@context":"https:\/\/schema.org","@graph":[{"@type":"WebPage","@id":"https:\/\/www.vita34.ch\/fr\/liste-des-transplantations-vitales\/","url":"https:\/\/www.vita34.ch\/fr\/liste-des-transplantations-vitales\/","name":"Registre des transplantations vitales - Vita34","isPartOf":{"@id":"https:\/\/www.vita34.ch\/#website"},"datePublished":"2025-07-30T08:22:15+00:00","dateModified":"2025-10-24T07:34:12+00:00","breadcrumb":{"@id":"https:\/\/www.vita34.ch\/fr\/liste-des-transplantations-vitales\/#breadcrumb"},"inLanguage":"fr-FR","potentialAction":[{"@type":"ReadAction","target":["https:\/\/www.vita34.ch\/fr\/liste-des-transplantations-vitales\/"]}]},{"@type":"BreadcrumbList","@id":"https:\/\/www.vita34.ch\/fr\/liste-des-transplantations-vitales\/#breadcrumb","itemListElement":[{"@type":"ListItem","position":1,"name":"Startseite","item":"https:\/\/www.vita34.ch\/fr\/"},{"@type":"ListItem","position":2,"name":"Registre des transplantations vitales"}]},{"@type":"WebSite","@id":"https:\/\/www.vita34.ch\/#website","url":"https:\/\/www.vita34.ch\/","name":"Vita34","description":"Einlagerung von Stammzellen bei Vita 34 - die Stammzellbank","potentialAction":[{"@type":"SearchAction","target":{"@type":"EntryPoint","urlTemplate":"https:\/\/www.vita34.ch\/?s={search_term_string}"},"query-input":{"@type":"PropertyValueSpecification","valueRequired":true,"valueName":"search_term_string"}}],"inLanguage":"fr-FR"}]}},"_links":{"self":[{"href":"https:\/\/www.vita34.ch\/fr\/wp-json\/wp\/v2\/pages\/53557","targetHints":{"allow":["GET"]}}],"collection":[{"href":"https:\/\/www.vita34.ch\/fr\/wp-json\/wp\/v2\/pages"}],"about":[{"href":"https:\/\/www.vita34.ch\/fr\/wp-json\/wp\/v2\/types\/page"}],"author":[{"embeddable":true,"href":"https:\/\/www.vita34.ch\/fr\/wp-json\/wp\/v2\/users\/2"}],"replies":[{"embeddable":true,"href":"https:\/\/www.vita34.ch\/fr\/wp-json\/wp\/v2\/comments?post=53557"}],"version-history":[{"count":5,"href":"https:\/\/www.vita34.ch\/fr\/wp-json\/wp\/v2\/pages\/53557\/revisions"}],"predecessor-version":[{"id":53615,"href":"https:\/\/www.vita34.ch\/fr\/wp-json\/wp\/v2\/pages\/53557\/revisions\/53615"}],"wp:attachment":[{"href":"https:\/\/www.vita34.ch\/fr\/wp-json\/wp\/v2\/media?parent=53557"}],"curies":[{"name":"wp","href":"https:\/\/api.w.org\/{rel}","templated":true}]}}