{"id":53191,"date":"2024-03-25T13:38:40","date_gmt":"2024-03-25T12:38:40","guid":{"rendered":"http:\/\/vita34.ch.w01d7967.kasserver.com\/?page_id=53191"},"modified":"2024-03-25T13:38:49","modified_gmt":"2024-03-25T12:38:49","slug":"ressource-precieuse","status":"publish","type":"page","link":"https:\/\/www.vita34.ch\/fr\/tissu-placentaire\/ressource-precieuse\/","title":{"rendered":"Tissu placentaire &#8211; une ressource pr\u00e9cieuse d&rsquo;une valeur inestimable"},"content":{"rendered":"<p>Depuis de nombreuses ann\u00e9es, plusieurs milliers de pr\u00e9l\u00e8vements de sang de cordon ombilical sont effectu\u00e9s dans le monde entier. Le sang du cordon ombilical contient des cellules pr\u00e9curseurs qui sont en mesure de reconstituer compl\u00e8tement le syst\u00e8me h\u00e9matopo\u00ef\u00e9tique lors de certains traitements du cancer du sang, par exemple apr\u00e8s une chimioth\u00e9rapie. Pour pouvoir traiter un enfant atteint d&rsquo;an\u00e9mie de Fanconi (manque de globules rouges et blancs), des cellules souches de sang de cordon ombilical allog\u00e9niques (transfert de cellules, de tissus ou d&rsquo;organes d&rsquo;une personne \u00e0 une autre) ont \u00e9t\u00e9 utilis\u00e9es pour la premi\u00e8re fois en 1988 \u00e0 Paris par le m\u00e9decin fran\u00e7ais Eliane Gluckman pour une application similaire. Il est donc \u00e0 la fois impressionnant et r\u00e9jouissant de constater que depuis les ann\u00e9es 90, de telles unit\u00e9s de sang de cordon ombilical stock\u00e9es \u00e0 froid ont d\u00e9j\u00e0 \u00e9t\u00e9 utilis\u00e9es des milliers de fois (selon les sources : &gt;&gt;35&rsquo;000) pour des interventions de th\u00e9rapie cellulaire, parfois salvatrices. Pour des raisons m\u00e9dicales, la plus grande partie de ces applications est couverte par des dons de sang de cordon ombilical allog\u00e9niques. Cependant, des cas de traitement sont \u00e9galement d\u00e9crits, dans lesquels du sang de cordon ombilical propre ou stock\u00e9 par la famille a \u00e9t\u00e9 utilis\u00e9 \u00e0 des fins th\u00e9rapeutiques.<\/p>\r\n<p>Dans les domaines d&rsquo;application autologues (transfert de cellules ou de tissus autologues), les cellules et\/ou tissus postnataux doivent \u00eatre conserv\u00e9s et stock\u00e9s de mani\u00e8re appropri\u00e9e afin de pouvoir \u00eatre mis \u00e0 disposition ult\u00e9rieurement pour des applications. Ces efforts visent \u00e0 s&rsquo;aligner de la mani\u00e8re la plus ad\u00e9quate possible sur le domaine de la th\u00e9rapie cellulaire en constante \u00e9volution.<\/p>","protected":false},"excerpt":{"rendered":"<p>Depuis de nombreuses ann\u00e9es, plusieurs milliers de pr\u00e9l\u00e8vements de sang de cordon ombilical sont effectu\u00e9s dans le monde entier. Le sang du cordon ombilical contient des cellules pr\u00e9curseurs qui sont [&hellip;]<\/p>\n","protected":false},"author":40,"featured_media":0,"parent":53131,"menu_order":0,"comment_status":"closed","ping_status":"closed","template":"infosubpages-v3.php","meta":{"_acf_changed":false,"content-type":"","footnotes":""},"class_list":["post-53191","page","type-page","status-publish","hentry"],"acf":[],"yoast_head":"<!-- This site is optimized with the Yoast SEO plugin v27.4 - https:\/\/yoast.com\/product\/yoast-seo-wordpress\/ -->\n<title>Cellules souches issues de tissu placentaire \u00bb Vita 34<\/title>\n<meta name=\"description\" content=\"Les cellules souches sont polyvalentes et responsables de la r\u00e9g\u00e9n\u00e9ration, de la sp\u00e9cialisation et de la r\u00e9paration. En savoir plus sur Vita 34 !\" \/>\n<meta name=\"robots\" content=\"index, follow, max-snippet:-1, max-image-preview:large, max-video-preview:-1\" \/>\n<link rel=\"canonical\" href=\"https:\/\/www.vita34.ch\/plazentagewebe\/kostbare-ressource\/\" \/>\n<meta property=\"og:locale\" content=\"fr_FR\" \/>\n<meta property=\"og:type\" content=\"article\" \/>\n<meta property=\"og:title\" content=\"Cellules souches issues de tissu placentaire \u00bb Vita 34\" \/>\n<meta property=\"og:description\" content=\"Les cellules souches sont polyvalentes et responsables de la r\u00e9g\u00e9n\u00e9ration, de la sp\u00e9cialisation et de la r\u00e9paration. En savoir plus sur Vita 34 !\" \/>\n<meta property=\"og:url\" content=\"https:\/\/www.vita34.ch\/plazentagewebe\/kostbare-ressource\/\" \/>\n<meta property=\"og:site_name\" content=\"Vita34\" \/>\n<meta property=\"article:modified_time\" content=\"2024-03-25T12:38:49+00:00\" \/>\n<meta name=\"twitter:card\" content=\"summary_large_image\" \/>\n<meta name=\"twitter:label1\" content=\"Dur\u00e9e de lecture estim\u00e9e\" \/>\n\t<meta name=\"twitter:data1\" content=\"1 minute\" \/>\n<script type=\"application\/ld+json\" class=\"yoast-schema-graph\">{\"@context\":\"https:\\\/\\\/schema.org\",\"@graph\":[{\"@type\":\"WebPage\",\"@id\":\"https:\\\/\\\/www.vita34.ch\\\/plazentagewebe\\\/kostbare-ressource\\\/\",\"url\":\"https:\\\/\\\/www.vita34.ch\\\/plazentagewebe\\\/kostbare-ressource\\\/\",\"name\":\"Cellules souches issues de tissu placentaire \u00bb Vita 34\",\"isPartOf\":{\"@id\":\"https:\\\/\\\/www.vita34.ch\\\/#website\"},\"datePublished\":\"2024-03-25T12:38:40+00:00\",\"dateModified\":\"2024-03-25T12:38:49+00:00\",\"description\":\"Les cellules souches sont polyvalentes et responsables de la r\u00e9g\u00e9n\u00e9ration, de la sp\u00e9cialisation et de la r\u00e9paration. En savoir plus sur Vita 34 !\",\"breadcrumb\":{\"@id\":\"https:\\\/\\\/www.vita34.ch\\\/plazentagewebe\\\/kostbare-ressource\\\/#breadcrumb\"},\"inLanguage\":\"fr-FR\",\"potentialAction\":[{\"@type\":\"ReadAction\",\"target\":[\"https:\\\/\\\/www.vita34.ch\\\/plazentagewebe\\\/kostbare-ressource\\\/\"]}]},{\"@type\":\"BreadcrumbList\",\"@id\":\"https:\\\/\\\/www.vita34.ch\\\/plazentagewebe\\\/kostbare-ressource\\\/#breadcrumb\",\"itemListElement\":[{\"@type\":\"ListItem\",\"position\":1,\"name\":\"Startseite\",\"item\":\"https:\\\/\\\/www.vita34.ch\\\/fr\\\/\"},{\"@type\":\"ListItem\",\"position\":2,\"name\":\"Tissu Placentaire\",\"item\":\"https:\\\/\\\/www.vita34.ch\\\/plazentagewebe\\\/\"},{\"@type\":\"ListItem\",\"position\":3,\"name\":\"Tissu placentaire &#8211; une ressource pr\u00e9cieuse d&#8217;une valeur inestimable\"}]},{\"@type\":\"WebSite\",\"@id\":\"https:\\\/\\\/www.vita34.ch\\\/#website\",\"url\":\"https:\\\/\\\/www.vita34.ch\\\/\",\"name\":\"Vita34\",\"description\":\"Einlagerung von Stammzellen bei Vita 34 - die Stammzellbank\",\"potentialAction\":[{\"@type\":\"SearchAction\",\"target\":{\"@type\":\"EntryPoint\",\"urlTemplate\":\"https:\\\/\\\/www.vita34.ch\\\/?s={search_term_string}\"},\"query-input\":{\"@type\":\"PropertyValueSpecification\",\"valueRequired\":true,\"valueName\":\"search_term_string\"}}],\"inLanguage\":\"fr-FR\"}]}<\/script>\n<!-- \/ Yoast SEO plugin. -->","yoast_head_json":{"title":"Cellules souches issues de tissu placentaire \u00bb Vita 34","description":"Les cellules souches sont polyvalentes et responsables de la r\u00e9g\u00e9n\u00e9ration, de la sp\u00e9cialisation et de la r\u00e9paration. En savoir plus sur Vita 34 !","robots":{"index":"index","follow":"follow","max-snippet":"max-snippet:-1","max-image-preview":"max-image-preview:large","max-video-preview":"max-video-preview:-1"},"canonical":"https:\/\/www.vita34.ch\/plazentagewebe\/kostbare-ressource\/","og_locale":"fr_FR","og_type":"article","og_title":"Cellules souches issues de tissu placentaire \u00bb Vita 34","og_description":"Les cellules souches sont polyvalentes et responsables de la r\u00e9g\u00e9n\u00e9ration, de la sp\u00e9cialisation et de la r\u00e9paration. En savoir plus sur Vita 34 !","og_url":"https:\/\/www.vita34.ch\/plazentagewebe\/kostbare-ressource\/","og_site_name":"Vita34","article_modified_time":"2024-03-25T12:38:49+00:00","twitter_card":"summary_large_image","twitter_misc":{"Dur\u00e9e de lecture estim\u00e9e":"1 minute"},"schema":{"@context":"https:\/\/schema.org","@graph":[{"@type":"WebPage","@id":"https:\/\/www.vita34.ch\/plazentagewebe\/kostbare-ressource\/","url":"https:\/\/www.vita34.ch\/plazentagewebe\/kostbare-ressource\/","name":"Cellules souches issues de tissu placentaire \u00bb Vita 34","isPartOf":{"@id":"https:\/\/www.vita34.ch\/#website"},"datePublished":"2024-03-25T12:38:40+00:00","dateModified":"2024-03-25T12:38:49+00:00","description":"Les cellules souches sont polyvalentes et responsables de la r\u00e9g\u00e9n\u00e9ration, de la sp\u00e9cialisation et de la r\u00e9paration. En savoir plus sur Vita 34 !","breadcrumb":{"@id":"https:\/\/www.vita34.ch\/plazentagewebe\/kostbare-ressource\/#breadcrumb"},"inLanguage":"fr-FR","potentialAction":[{"@type":"ReadAction","target":["https:\/\/www.vita34.ch\/plazentagewebe\/kostbare-ressource\/"]}]},{"@type":"BreadcrumbList","@id":"https:\/\/www.vita34.ch\/plazentagewebe\/kostbare-ressource\/#breadcrumb","itemListElement":[{"@type":"ListItem","position":1,"name":"Startseite","item":"https:\/\/www.vita34.ch\/fr\/"},{"@type":"ListItem","position":2,"name":"Tissu Placentaire","item":"https:\/\/www.vita34.ch\/plazentagewebe\/"},{"@type":"ListItem","position":3,"name":"Tissu placentaire &#8211; une ressource pr\u00e9cieuse d&#8217;une valeur inestimable"}]},{"@type":"WebSite","@id":"https:\/\/www.vita34.ch\/#website","url":"https:\/\/www.vita34.ch\/","name":"Vita34","description":"Einlagerung von Stammzellen bei Vita 34 - die Stammzellbank","potentialAction":[{"@type":"SearchAction","target":{"@type":"EntryPoint","urlTemplate":"https:\/\/www.vita34.ch\/?s={search_term_string}"},"query-input":{"@type":"PropertyValueSpecification","valueRequired":true,"valueName":"search_term_string"}}],"inLanguage":"fr-FR"}]}},"_links":{"self":[{"href":"https:\/\/www.vita34.ch\/fr\/wp-json\/wp\/v2\/pages\/53191","targetHints":{"allow":["GET"]}}],"collection":[{"href":"https:\/\/www.vita34.ch\/fr\/wp-json\/wp\/v2\/pages"}],"about":[{"href":"https:\/\/www.vita34.ch\/fr\/wp-json\/wp\/v2\/types\/page"}],"author":[{"embeddable":true,"href":"https:\/\/www.vita34.ch\/fr\/wp-json\/wp\/v2\/users\/40"}],"replies":[{"embeddable":true,"href":"https:\/\/www.vita34.ch\/fr\/wp-json\/wp\/v2\/comments?post=53191"}],"version-history":[{"count":3,"href":"https:\/\/www.vita34.ch\/fr\/wp-json\/wp\/v2\/pages\/53191\/revisions"}],"predecessor-version":[{"id":53252,"href":"https:\/\/www.vita34.ch\/fr\/wp-json\/wp\/v2\/pages\/53191\/revisions\/53252"}],"up":[{"embeddable":true,"href":"https:\/\/www.vita34.ch\/fr\/wp-json\/wp\/v2\/pages\/53131"}],"wp:attachment":[{"href":"https:\/\/www.vita34.ch\/fr\/wp-json\/wp\/v2\/media?parent=53191"}],"curies":[{"name":"wp","href":"https:\/\/api.w.org\/{rel}","templated":true}]}}