{"id":53131,"date":"2024-03-20T07:58:47","date_gmt":"2024-03-20T06:58:47","guid":{"rendered":"http:\/\/vita34.ch.w01d7967.kasserver.com\/?page_id=53131"},"modified":"2024-03-28T12:25:27","modified_gmt":"2024-03-28T11:25:27","slug":"tissu-placentaire","status":"publish","type":"page","link":"https:\/\/www.vita34.ch\/fr\/tissu-placentaire\/","title":{"rendered":"Tissu Placentaire"},"content":{"rendered":"<p>Les cellules souches du placenta ont une grande valeur. Le tissu placentaire est stock\u00e9 sans \u00eatre manipul\u00e9 en tant que tissu d&rsquo;origine. Le nombre d&rsquo;\u00e9tudes cliniques utilisant des cellules souches placentaires ne cesse d&rsquo;augmenter. Elles sont principalement utilis\u00e9es pour traiter des maladies neurologiques (autisme, paralysie c\u00e9r\u00e9brale), la scl\u00e9rose en plaques, les accidents vasculaires c\u00e9r\u00e9braux, mais aussi le diab\u00e8te.<\/p>","protected":false},"excerpt":{"rendered":"<p>Les cellules souches du placenta ont une grande valeur. Le tissu placentaire est stock\u00e9 sans \u00eatre manipul\u00e9 en tant que tissu d&rsquo;origine. Le nombre d&rsquo;\u00e9tudes cliniques utilisant des cellules souches [&hellip;]<\/p>\n","protected":false},"author":2,"featured_media":0,"parent":0,"menu_order":0,"comment_status":"closed","ping_status":"closed","template":"infopages-v3.php","meta":{"_acf_changed":false,"content-type":"","footnotes":""},"class_list":["post-53131","page","type-page","status-publish","hentry"],"acf":[],"yoast_head":"<!-- This site is optimized with the Yoast SEO plugin v27.4 - https:\/\/yoast.com\/product\/yoast-seo-wordpress\/ -->\n<title>Cellules souches issues de tissu placentaire \u00bb Vita 34<\/title>\n<meta name=\"description\" content=\"Les cellules souches sont polyvalentes et responsables de la r\u00e9g\u00e9n\u00e9ration, de la sp\u00e9cialisation et de la r\u00e9paration. En savoir plus sur Vita 34 !\" \/>\n<meta name=\"robots\" content=\"index, follow, max-snippet:-1, max-image-preview:large, max-video-preview:-1\" \/>\n<link rel=\"canonical\" href=\"https:\/\/www.vita34.ch\/plazentagewebe\/\" \/>\n<meta property=\"og:locale\" content=\"fr_FR\" \/>\n<meta property=\"og:type\" content=\"article\" \/>\n<meta property=\"og:title\" content=\"Cellules souches issues de tissu placentaire \u00bb Vita 34\" \/>\n<meta property=\"og:description\" content=\"Les cellules souches sont polyvalentes et responsables de la r\u00e9g\u00e9n\u00e9ration, de la sp\u00e9cialisation et de la r\u00e9paration. En savoir plus sur Vita 34 !\" \/>\n<meta property=\"og:url\" content=\"https:\/\/www.vita34.ch\/plazentagewebe\/\" \/>\n<meta property=\"og:site_name\" content=\"Vita34\" \/>\n<meta property=\"article:modified_time\" content=\"2024-03-28T11:25:27+00:00\" \/>\n<meta name=\"twitter:card\" content=\"summary_large_image\" \/>\n<script type=\"application\/ld+json\" class=\"yoast-schema-graph\">{\"@context\":\"https:\\\/\\\/schema.org\",\"@graph\":[{\"@type\":\"WebPage\",\"@id\":\"https:\\\/\\\/www.vita34.ch\\\/plazentagewebe\\\/\",\"url\":\"https:\\\/\\\/www.vita34.ch\\\/plazentagewebe\\\/\",\"name\":\"Cellules souches issues de tissu placentaire \u00bb Vita 34\",\"isPartOf\":{\"@id\":\"https:\\\/\\\/www.vita34.ch\\\/#website\"},\"datePublished\":\"2024-03-20T06:58:47+00:00\",\"dateModified\":\"2024-03-28T11:25:27+00:00\",\"description\":\"Les cellules souches sont polyvalentes et responsables de la r\u00e9g\u00e9n\u00e9ration, de la sp\u00e9cialisation et de la r\u00e9paration. En savoir plus sur Vita 34 !\",\"breadcrumb\":{\"@id\":\"https:\\\/\\\/www.vita34.ch\\\/plazentagewebe\\\/#breadcrumb\"},\"inLanguage\":\"fr-FR\",\"potentialAction\":[{\"@type\":\"ReadAction\",\"target\":[\"https:\\\/\\\/www.vita34.ch\\\/plazentagewebe\\\/\"]}]},{\"@type\":\"BreadcrumbList\",\"@id\":\"https:\\\/\\\/www.vita34.ch\\\/plazentagewebe\\\/#breadcrumb\",\"itemListElement\":[{\"@type\":\"ListItem\",\"position\":1,\"name\":\"Startseite\",\"item\":\"https:\\\/\\\/www.vita34.ch\\\/fr\\\/\"},{\"@type\":\"ListItem\",\"position\":2,\"name\":\"Tissu Placentaire\"}]},{\"@type\":\"WebSite\",\"@id\":\"https:\\\/\\\/www.vita34.ch\\\/#website\",\"url\":\"https:\\\/\\\/www.vita34.ch\\\/\",\"name\":\"Vita34\",\"description\":\"Einlagerung von Stammzellen bei Vita 34 - die Stammzellbank\",\"potentialAction\":[{\"@type\":\"SearchAction\",\"target\":{\"@type\":\"EntryPoint\",\"urlTemplate\":\"https:\\\/\\\/www.vita34.ch\\\/?s={search_term_string}\"},\"query-input\":{\"@type\":\"PropertyValueSpecification\",\"valueRequired\":true,\"valueName\":\"search_term_string\"}}],\"inLanguage\":\"fr-FR\"}]}<\/script>\n<!-- \/ Yoast SEO plugin. -->","yoast_head_json":{"title":"Cellules souches issues de tissu placentaire \u00bb Vita 34","description":"Les cellules souches sont polyvalentes et responsables de la r\u00e9g\u00e9n\u00e9ration, de la sp\u00e9cialisation et de la r\u00e9paration. En savoir plus sur Vita 34 !","robots":{"index":"index","follow":"follow","max-snippet":"max-snippet:-1","max-image-preview":"max-image-preview:large","max-video-preview":"max-video-preview:-1"},"canonical":"https:\/\/www.vita34.ch\/plazentagewebe\/","og_locale":"fr_FR","og_type":"article","og_title":"Cellules souches issues de tissu placentaire \u00bb Vita 34","og_description":"Les cellules souches sont polyvalentes et responsables de la r\u00e9g\u00e9n\u00e9ration, de la sp\u00e9cialisation et de la r\u00e9paration. En savoir plus sur Vita 34 !","og_url":"https:\/\/www.vita34.ch\/plazentagewebe\/","og_site_name":"Vita34","article_modified_time":"2024-03-28T11:25:27+00:00","twitter_card":"summary_large_image","schema":{"@context":"https:\/\/schema.org","@graph":[{"@type":"WebPage","@id":"https:\/\/www.vita34.ch\/plazentagewebe\/","url":"https:\/\/www.vita34.ch\/plazentagewebe\/","name":"Cellules souches issues de tissu placentaire \u00bb Vita 34","isPartOf":{"@id":"https:\/\/www.vita34.ch\/#website"},"datePublished":"2024-03-20T06:58:47+00:00","dateModified":"2024-03-28T11:25:27+00:00","description":"Les cellules souches sont polyvalentes et responsables de la r\u00e9g\u00e9n\u00e9ration, de la sp\u00e9cialisation et de la r\u00e9paration. En savoir plus sur Vita 34 !","breadcrumb":{"@id":"https:\/\/www.vita34.ch\/plazentagewebe\/#breadcrumb"},"inLanguage":"fr-FR","potentialAction":[{"@type":"ReadAction","target":["https:\/\/www.vita34.ch\/plazentagewebe\/"]}]},{"@type":"BreadcrumbList","@id":"https:\/\/www.vita34.ch\/plazentagewebe\/#breadcrumb","itemListElement":[{"@type":"ListItem","position":1,"name":"Startseite","item":"https:\/\/www.vita34.ch\/fr\/"},{"@type":"ListItem","position":2,"name":"Tissu Placentaire"}]},{"@type":"WebSite","@id":"https:\/\/www.vita34.ch\/#website","url":"https:\/\/www.vita34.ch\/","name":"Vita34","description":"Einlagerung von Stammzellen bei Vita 34 - die Stammzellbank","potentialAction":[{"@type":"SearchAction","target":{"@type":"EntryPoint","urlTemplate":"https:\/\/www.vita34.ch\/?s={search_term_string}"},"query-input":{"@type":"PropertyValueSpecification","valueRequired":true,"valueName":"search_term_string"}}],"inLanguage":"fr-FR"}]}},"_links":{"self":[{"href":"https:\/\/www.vita34.ch\/fr\/wp-json\/wp\/v2\/pages\/53131","targetHints":{"allow":["GET"]}}],"collection":[{"href":"https:\/\/www.vita34.ch\/fr\/wp-json\/wp\/v2\/pages"}],"about":[{"href":"https:\/\/www.vita34.ch\/fr\/wp-json\/wp\/v2\/types\/page"}],"author":[{"embeddable":true,"href":"https:\/\/www.vita34.ch\/fr\/wp-json\/wp\/v2\/users\/2"}],"replies":[{"embeddable":true,"href":"https:\/\/www.vita34.ch\/fr\/wp-json\/wp\/v2\/comments?post=53131"}],"version-history":[{"count":8,"href":"https:\/\/www.vita34.ch\/fr\/wp-json\/wp\/v2\/pages\/53131\/revisions"}],"predecessor-version":[{"id":53508,"href":"https:\/\/www.vita34.ch\/fr\/wp-json\/wp\/v2\/pages\/53131\/revisions\/53508"}],"wp:attachment":[{"href":"https:\/\/www.vita34.ch\/fr\/wp-json\/wp\/v2\/media?parent=53131"}],"curies":[{"name":"wp","href":"https:\/\/api.w.org\/{rel}","templated":true}]}}