{"id":52607,"date":"2016-05-23T15:43:58","date_gmt":"2016-05-23T13:43:58","guid":{"rendered":"http:\/\/vita34.ch.w01d7967.kasserver.com\/sang-de-cordon-ombilical\/medizin\/"},"modified":"2022-09-01T12:36:41","modified_gmt":"2022-09-01T10:36:41","slug":"medizin","status":"publish","type":"page","link":"https:\/\/www.vita34.ch\/fr\/sang-cordon-ombilical\/medizin\/","title":{"rendered":"M\u00e9decine"},"content":{"rendered":"<p>Les domaines de recherche de la m\u00e9decine r\u00e9g\u00e9n\u00e9rative sont tr\u00e8s vastes et extr\u00eamement prometteurs. D&rsquo;\u00e9minents scientifiques estiment que dans un avenir proche, une personne sur sept aura besoin d&rsquo;une th\u00e9rapie \u00e0 base de cellules souches au cours de sa vie. Vita 34 travaille \u00e9galement \u00e0 l&rsquo;am\u00e9lioration du sang de cordon ombilical et \u00e0 l&rsquo;\u00e9largissement constant de ses possibilit\u00e9s d&rsquo;utilisation.<\/p>\r\n<p>&nbsp;<\/p>","protected":false},"excerpt":{"rendered":"<p>Les domaines de recherche de la m\u00e9decine r\u00e9g\u00e9n\u00e9rative sont tr\u00e8s vastes et extr\u00eamement prometteurs. D&rsquo;\u00e9minents scientifiques estiment que dans un avenir proche, une personne sur sept aura besoin d&rsquo;une th\u00e9rapie [&hellip;]<\/p>\n","protected":false},"author":2,"featured_media":0,"parent":51467,"menu_order":0,"comment_status":"closed","ping_status":"closed","template":"infosubpages-v3.php","meta":{"_acf_changed":false,"content-type":"","footnotes":""},"class_list":["post-52607","page","type-page","status-publish","hentry"],"acf":[],"yoast_head":"<!-- This site is optimized with the Yoast SEO plugin v27.4 - https:\/\/yoast.com\/product\/yoast-seo-wordpress\/ -->\n<title>Nabelschnurblut in der Medizin \u00bb Vita 34<\/title>\n<meta name=\"description\" content=\"Nabelschnurblut ist f\u00fcr die Medizin eine wichtige Stammzellquelle. Bei Transplantationen werden immer \u00f6fters Stammzellen aus der Nabelschnur eingesetzt. Jetzt bei Vita 34 mehr erfahren!\" \/>\n<meta name=\"robots\" content=\"index, follow, max-snippet:-1, max-image-preview:large, max-video-preview:-1\" \/>\n<link rel=\"canonical\" href=\"https:\/\/www.vita34.ch\/nabelschnurblut\/medizin\/\" \/>\n<meta property=\"og:locale\" content=\"fr_FR\" \/>\n<meta property=\"og:type\" content=\"article\" \/>\n<meta property=\"og:title\" content=\"Nabelschnurblut in der Medizin \u00bb Vita 34\" \/>\n<meta property=\"og:description\" content=\"Nabelschnurblut ist f\u00fcr die Medizin eine wichtige Stammzellquelle. Bei Transplantationen werden immer \u00f6fters Stammzellen aus der Nabelschnur eingesetzt. Jetzt bei Vita 34 mehr erfahren!\" \/>\n<meta property=\"og:url\" content=\"https:\/\/www.vita34.ch\/nabelschnurblut\/medizin\/\" \/>\n<meta property=\"og:site_name\" content=\"Vita34\" \/>\n<meta property=\"article:modified_time\" content=\"2022-09-01T10:36:41+00:00\" \/>\n<meta name=\"twitter:card\" content=\"summary_large_image\" \/>\n<script type=\"application\/ld+json\" class=\"yoast-schema-graph\">{\"@context\":\"https:\\\/\\\/schema.org\",\"@graph\":[{\"@type\":\"WebPage\",\"@id\":\"https:\\\/\\\/www.vita34.ch\\\/nabelschnurblut\\\/medizin\\\/\",\"url\":\"https:\\\/\\\/www.vita34.ch\\\/nabelschnurblut\\\/medizin\\\/\",\"name\":\"Nabelschnurblut in der Medizin \u00bb Vita 34\",\"isPartOf\":{\"@id\":\"https:\\\/\\\/www.vita34.ch\\\/#website\"},\"datePublished\":\"2016-05-23T13:43:58+00:00\",\"dateModified\":\"2022-09-01T10:36:41+00:00\",\"description\":\"Nabelschnurblut ist f\u00fcr die Medizin eine wichtige Stammzellquelle. Bei Transplantationen werden immer \u00f6fters Stammzellen aus der Nabelschnur eingesetzt. Jetzt bei Vita 34 mehr erfahren!\",\"breadcrumb\":{\"@id\":\"https:\\\/\\\/www.vita34.ch\\\/nabelschnurblut\\\/medizin\\\/#breadcrumb\"},\"inLanguage\":\"fr-FR\",\"potentialAction\":[{\"@type\":\"ReadAction\",\"target\":[\"https:\\\/\\\/www.vita34.ch\\\/nabelschnurblut\\\/medizin\\\/\"]}]},{\"@type\":\"BreadcrumbList\",\"@id\":\"https:\\\/\\\/www.vita34.ch\\\/nabelschnurblut\\\/medizin\\\/#breadcrumb\",\"itemListElement\":[{\"@type\":\"ListItem\",\"position\":1,\"name\":\"Startseite\",\"item\":\"https:\\\/\\\/www.vita34.ch\\\/fr\\\/\"},{\"@type\":\"ListItem\",\"position\":2,\"name\":\"Sang de cordon ombilical\",\"item\":\"https:\\\/\\\/www.vita34.ch\\\/nabelschnurblut\\\/\"},{\"@type\":\"ListItem\",\"position\":3,\"name\":\"M\u00e9decine\"}]},{\"@type\":\"WebSite\",\"@id\":\"https:\\\/\\\/www.vita34.ch\\\/#website\",\"url\":\"https:\\\/\\\/www.vita34.ch\\\/\",\"name\":\"Vita34\",\"description\":\"Einlagerung von Stammzellen bei Vita 34 - die Stammzellbank\",\"potentialAction\":[{\"@type\":\"SearchAction\",\"target\":{\"@type\":\"EntryPoint\",\"urlTemplate\":\"https:\\\/\\\/www.vita34.ch\\\/?s={search_term_string}\"},\"query-input\":{\"@type\":\"PropertyValueSpecification\",\"valueRequired\":true,\"valueName\":\"search_term_string\"}}],\"inLanguage\":\"fr-FR\"}]}<\/script>\n<!-- \/ Yoast SEO plugin. -->","yoast_head_json":{"title":"Nabelschnurblut in der Medizin \u00bb Vita 34","description":"Nabelschnurblut ist f\u00fcr die Medizin eine wichtige Stammzellquelle. Bei Transplantationen werden immer \u00f6fters Stammzellen aus der Nabelschnur eingesetzt. Jetzt bei Vita 34 mehr erfahren!","robots":{"index":"index","follow":"follow","max-snippet":"max-snippet:-1","max-image-preview":"max-image-preview:large","max-video-preview":"max-video-preview:-1"},"canonical":"https:\/\/www.vita34.ch\/nabelschnurblut\/medizin\/","og_locale":"fr_FR","og_type":"article","og_title":"Nabelschnurblut in der Medizin \u00bb Vita 34","og_description":"Nabelschnurblut ist f\u00fcr die Medizin eine wichtige Stammzellquelle. Bei Transplantationen werden immer \u00f6fters Stammzellen aus der Nabelschnur eingesetzt. Jetzt bei Vita 34 mehr erfahren!","og_url":"https:\/\/www.vita34.ch\/nabelschnurblut\/medizin\/","og_site_name":"Vita34","article_modified_time":"2022-09-01T10:36:41+00:00","twitter_card":"summary_large_image","schema":{"@context":"https:\/\/schema.org","@graph":[{"@type":"WebPage","@id":"https:\/\/www.vita34.ch\/nabelschnurblut\/medizin\/","url":"https:\/\/www.vita34.ch\/nabelschnurblut\/medizin\/","name":"Nabelschnurblut in der Medizin \u00bb Vita 34","isPartOf":{"@id":"https:\/\/www.vita34.ch\/#website"},"datePublished":"2016-05-23T13:43:58+00:00","dateModified":"2022-09-01T10:36:41+00:00","description":"Nabelschnurblut ist f\u00fcr die Medizin eine wichtige Stammzellquelle. Bei Transplantationen werden immer \u00f6fters Stammzellen aus der Nabelschnur eingesetzt. Jetzt bei Vita 34 mehr erfahren!","breadcrumb":{"@id":"https:\/\/www.vita34.ch\/nabelschnurblut\/medizin\/#breadcrumb"},"inLanguage":"fr-FR","potentialAction":[{"@type":"ReadAction","target":["https:\/\/www.vita34.ch\/nabelschnurblut\/medizin\/"]}]},{"@type":"BreadcrumbList","@id":"https:\/\/www.vita34.ch\/nabelschnurblut\/medizin\/#breadcrumb","itemListElement":[{"@type":"ListItem","position":1,"name":"Startseite","item":"https:\/\/www.vita34.ch\/fr\/"},{"@type":"ListItem","position":2,"name":"Sang de cordon ombilical","item":"https:\/\/www.vita34.ch\/nabelschnurblut\/"},{"@type":"ListItem","position":3,"name":"M\u00e9decine"}]},{"@type":"WebSite","@id":"https:\/\/www.vita34.ch\/#website","url":"https:\/\/www.vita34.ch\/","name":"Vita34","description":"Einlagerung von Stammzellen bei Vita 34 - die Stammzellbank","potentialAction":[{"@type":"SearchAction","target":{"@type":"EntryPoint","urlTemplate":"https:\/\/www.vita34.ch\/?s={search_term_string}"},"query-input":{"@type":"PropertyValueSpecification","valueRequired":true,"valueName":"search_term_string"}}],"inLanguage":"fr-FR"}]}},"_links":{"self":[{"href":"https:\/\/www.vita34.ch\/fr\/wp-json\/wp\/v2\/pages\/52607","targetHints":{"allow":["GET"]}}],"collection":[{"href":"https:\/\/www.vita34.ch\/fr\/wp-json\/wp\/v2\/pages"}],"about":[{"href":"https:\/\/www.vita34.ch\/fr\/wp-json\/wp\/v2\/types\/page"}],"author":[{"embeddable":true,"href":"https:\/\/www.vita34.ch\/fr\/wp-json\/wp\/v2\/users\/2"}],"replies":[{"embeddable":true,"href":"https:\/\/www.vita34.ch\/fr\/wp-json\/wp\/v2\/comments?post=52607"}],"version-history":[{"count":4,"href":"https:\/\/www.vita34.ch\/fr\/wp-json\/wp\/v2\/pages\/52607\/revisions"}],"predecessor-version":[{"id":52871,"href":"https:\/\/www.vita34.ch\/fr\/wp-json\/wp\/v2\/pages\/52607\/revisions\/52871"}],"up":[{"embeddable":true,"href":"https:\/\/www.vita34.ch\/fr\/wp-json\/wp\/v2\/pages\/51467"}],"wp:attachment":[{"href":"https:\/\/www.vita34.ch\/fr\/wp-json\/wp\/v2\/media?parent=52607"}],"curies":[{"name":"wp","href":"https:\/\/api.w.org\/{rel}","templated":true}]}}