{"id":52597,"date":"2016-05-23T15:35:53","date_gmt":"2016-05-23T13:35:53","guid":{"rendered":"http:\/\/vita34.ch.w01d7967.kasserver.com\/sang-de-cordon-ombilical\/nabelschnurgewebe\/"},"modified":"2024-03-25T14:56:18","modified_gmt":"2024-03-25T13:56:18","slug":"endouble","status":"publish","type":"page","link":"https:\/\/www.vita34.ch\/fr\/tissu-cordon-ombilical\/endouble\/","title":{"rendered":"Tissu du cordon ombilical"},"content":{"rendered":"<p>Le cordon ombilical est l&rsquo;art\u00e8re vitale entre la m\u00e8re et l&rsquo;enfant. Il contient de nombreux vaisseaux sanguins dans lesquels le sang du cordon ombilical circule. Mais pour que les vaisseaux sanguins puissent r\u00e9sister aux contraintes et ne soient par exemple pas pli\u00e9s, ils sont envelopp\u00e9s d&rsquo;un tissu ombilical qui les prot\u00e8ge et les soutient.<\/p>\r\n<p>Ce tissu du cordon ombilical contient un nombre particuli\u00e8rement \u00e9lev\u00e9 de cellules souches m\u00e9senchymateuses, ce qui le rend int\u00e9ressant pour la th\u00e9rapie par cellules souches. En stockant du sang de cordon ombilical et du tissu de cordon ombilical, vous obtenez la force des cellules souches en double.<\/p>\r\n\r\n<div id=\"attachment_10170\" style=\"width: 1210px\" class=\"wp-caption aligncenter\"><img loading=\"lazy\" decoding=\"async\" aria-describedby=\"caption-attachment-10170\" class=\"wp-image-10170 size-full\" src=\"http:\/\/vita34.ch.w01d7967.kasserver.com\/wp-content\/uploads\/nabelschnurblut-nabelschnurgewebe-1.jpg\" alt=\"nabelschnurblut-nabelschnurgewebe\" width=\"1200\" height=\"622\" srcset=\"https:\/\/www.vita34.ch\/wp-content\/uploads\/nabelschnurblut-nabelschnurgewebe-1.jpg 1200w, https:\/\/www.vita34.ch\/wp-content\/uploads\/nabelschnurblut-nabelschnurgewebe-1-400x207.jpg 400w, https:\/\/www.vita34.ch\/wp-content\/uploads\/nabelschnurblut-nabelschnurgewebe-1-1024x531.jpg 1024w\" sizes=\"auto, (max-width: 1200px) 100vw, 1200px\" \/><p id=\"caption-attachment-10170\" class=\"wp-caption-text\">Coupe transversale du cordon ombilical. On reconna\u00eet bien la veine ombilicale (Vena umbilicalis), qui conduit le sang riche en oxyg\u00e8ne du placenta vers l&rsquo;enfant. Les deux art\u00e8res ombilicales (Arteriae umbilicales) \u00e9loignent le sang riche en dioxyde de carbone et pauvre en nutriments de l&rsquo;enfant. Le tissu g\u00e9latineux du cordon ombilical de Wharton sert de mat\u00e9riau de protection et de remplissage. Le cordon ombilical contient un nombre particuli\u00e8rement \u00e9lev\u00e9 de cellules souches m\u00e9senchymateuses.<\/p><\/div>\r\n\r\n<p>&nbsp;<\/p>\r\n<h3>Cellules souches du tissu du cordon ombilical<\/h3>\r\n<p>Le tissu du cordon ombilical contient une concentration particuli\u00e8rement \u00e9lev\u00e9e de cellules souches m\u00e9senchymateuses.<\/p>\r\n<p>Actuellement, les cellules souches m\u00e9senchymateuses sont utilis\u00e9es dans plus de 500 \u00e9tudes cliniques dans le monde entier : par exemple pour les maladies du syst\u00e8me vasculaire, les maladies auto-immunes ou l&rsquo;arthrose articulaire. En outre, elles peuvent inhiber les r\u00e9actions ind\u00e9sirables du syst\u00e8me immunitaire et r\u00e9duisent ainsi les r\u00e9actions de rejet qui peuvent se produire, par exemple, en cas de leuc\u00e9mie apr\u00e8s une transplantation de cellules souches sanguines \u00e9trang\u00e8res. La r\u00e9action du greffon contre l&rsquo;h\u00f4te (GvHD) est malheureusement encore une complication redout\u00e9e.<\/p>\r\n<p>Il appara\u00eet d&rsquo;ores et d\u00e9j\u00e0 que les cellules souches m\u00e9senchymateuses autologues sont plus souvent utilis\u00e9es que les cellules souches \u00e9trang\u00e8res au corps (allog\u00e9niques) d&rsquo;un donneur. Les domaines de recherche de la m\u00e9decine r\u00e9g\u00e9n\u00e9rative sont pourtant tr\u00e8s vastes et prometteurs. Les m\u00e9decins et les scientifiques esp\u00e8rent d\u00e9couvrir \u00e0 l&rsquo;avenir des possibilit\u00e9s de traitement encore plus \u00e9tendues pour les maladies \u00e0 l&rsquo;aide de cellules souches m\u00e9senchymateuses.<\/p>\r\n<p>&nbsp;<\/p>","protected":false},"excerpt":{"rendered":"<p>Le cordon ombilical est l&rsquo;art\u00e8re vitale entre la m\u00e8re et l&rsquo;enfant. Il contient de nombreux vaisseaux sanguins dans lesquels le sang du cordon ombilical circule. Mais pour que les vaisseaux [&hellip;]<\/p>\n","protected":false},"author":2,"featured_media":0,"parent":51527,"menu_order":0,"comment_status":"closed","ping_status":"closed","template":"infosubpages-v3.php","meta":{"_acf_changed":false,"content-type":"","footnotes":""},"class_list":["post-52597","page","type-page","status-publish","hentry"],"acf":[],"yoast_head":"<!-- This site is optimized with the Yoast SEO plugin v27.3 - https:\/\/yoast.com\/product\/yoast-seo-wordpress\/ -->\n<title>Nabelschnurgewebe: Stammzellkraft im Doppelpack \u00bb Vita 34<\/title>\n<meta name=\"description\" content=\"Doppelte Stammzellkraft mit Nabelschnurgewebe sichern und damit ein Leben lang auf die Blut- &amp; Gewebestammzellen aus der Nabelschnur zur\u00fcckgreifen. Jetzt bei Vita 34 informieren!\" \/>\n<meta name=\"robots\" content=\"index, follow, max-snippet:-1, max-image-preview:large, max-video-preview:-1\" \/>\n<link rel=\"canonical\" href=\"https:\/\/www.vita34.ch\/nabelschnurgewebe\/doppelpack\/\" \/>\n<meta property=\"og:locale\" content=\"fr_FR\" \/>\n<meta property=\"og:type\" content=\"article\" \/>\n<meta property=\"og:title\" content=\"Nabelschnurgewebe: Stammzellkraft im Doppelpack \u00bb Vita 34\" \/>\n<meta property=\"og:description\" content=\"Doppelte Stammzellkraft mit Nabelschnurgewebe sichern und damit ein Leben lang auf die Blut- &amp; Gewebestammzellen aus der Nabelschnur zur\u00fcckgreifen. Jetzt bei Vita 34 informieren!\" \/>\n<meta property=\"og:url\" content=\"https:\/\/www.vita34.ch\/nabelschnurgewebe\/doppelpack\/\" \/>\n<meta property=\"og:site_name\" content=\"Vita34\" \/>\n<meta property=\"article:modified_time\" content=\"2024-03-25T13:56:18+00:00\" \/>\n<meta property=\"og:image\" content=\"http:\/\/vita34.ch.w01d7967.kasserver.com\/wp-content\/uploads\/nabelschnurblut-nabelschnurgewebe-1.jpg\" \/>\n<meta name=\"twitter:card\" content=\"summary_large_image\" \/>\n<meta name=\"twitter:label1\" content=\"Dur\u00e9e de lecture estim\u00e9e\" \/>\n\t<meta name=\"twitter:data1\" content=\"2 minutes\" \/>\n<script type=\"application\/ld+json\" class=\"yoast-schema-graph\">{\"@context\":\"https:\\\/\\\/schema.org\",\"@graph\":[{\"@type\":\"WebPage\",\"@id\":\"https:\\\/\\\/www.vita34.ch\\\/nabelschnurgewebe\\\/doppelpack\\\/\",\"url\":\"https:\\\/\\\/www.vita34.ch\\\/nabelschnurgewebe\\\/doppelpack\\\/\",\"name\":\"Nabelschnurgewebe: Stammzellkraft im Doppelpack \u00bb Vita 34\",\"isPartOf\":{\"@id\":\"https:\\\/\\\/www.vita34.ch\\\/#website\"},\"primaryImageOfPage\":{\"@id\":\"https:\\\/\\\/www.vita34.ch\\\/nabelschnurgewebe\\\/doppelpack\\\/#primaryimage\"},\"image\":{\"@id\":\"https:\\\/\\\/www.vita34.ch\\\/nabelschnurgewebe\\\/doppelpack\\\/#primaryimage\"},\"thumbnailUrl\":\"http:\\\/\\\/vita34.ch.w01d7967.kasserver.com\\\/wp-content\\\/uploads\\\/nabelschnurblut-nabelschnurgewebe-1.jpg\",\"datePublished\":\"2016-05-23T13:35:53+00:00\",\"dateModified\":\"2024-03-25T13:56:18+00:00\",\"description\":\"Doppelte Stammzellkraft mit Nabelschnurgewebe sichern und damit ein Leben lang auf die Blut- & Gewebestammzellen aus der Nabelschnur zur\u00fcckgreifen. Jetzt bei Vita 34 informieren!\",\"breadcrumb\":{\"@id\":\"https:\\\/\\\/www.vita34.ch\\\/nabelschnurgewebe\\\/doppelpack\\\/#breadcrumb\"},\"inLanguage\":\"fr-FR\",\"potentialAction\":[{\"@type\":\"ReadAction\",\"target\":[\"https:\\\/\\\/www.vita34.ch\\\/nabelschnurgewebe\\\/doppelpack\\\/\"]}]},{\"@type\":\"ImageObject\",\"inLanguage\":\"fr-FR\",\"@id\":\"https:\\\/\\\/www.vita34.ch\\\/nabelschnurgewebe\\\/doppelpack\\\/#primaryimage\",\"url\":\"http:\\\/\\\/vita34.ch.w01d7967.kasserver.com\\\/wp-content\\\/uploads\\\/nabelschnurblut-nabelschnurgewebe-1.jpg\",\"contentUrl\":\"http:\\\/\\\/vita34.ch.w01d7967.kasserver.com\\\/wp-content\\\/uploads\\\/nabelschnurblut-nabelschnurgewebe-1.jpg\"},{\"@type\":\"BreadcrumbList\",\"@id\":\"https:\\\/\\\/www.vita34.ch\\\/nabelschnurgewebe\\\/doppelpack\\\/#breadcrumb\",\"itemListElement\":[{\"@type\":\"ListItem\",\"position\":1,\"name\":\"Startseite\",\"item\":\"https:\\\/\\\/www.vita34.ch\\\/fr\\\/\"},{\"@type\":\"ListItem\",\"position\":2,\"name\":\"Tissu du cordon ombilical &#8211; Pr\u00e9voir un avenir sain\",\"item\":\"https:\\\/\\\/www.vita34.ch\\\/nabelschnurgewebe\\\/\"},{\"@type\":\"ListItem\",\"position\":3,\"name\":\"Tissu du cordon ombilical\"}]},{\"@type\":\"WebSite\",\"@id\":\"https:\\\/\\\/www.vita34.ch\\\/#website\",\"url\":\"https:\\\/\\\/www.vita34.ch\\\/\",\"name\":\"Vita34\",\"description\":\"Einlagerung von Stammzellen bei Vita 34 - die Stammzellbank\",\"potentialAction\":[{\"@type\":\"SearchAction\",\"target\":{\"@type\":\"EntryPoint\",\"urlTemplate\":\"https:\\\/\\\/www.vita34.ch\\\/?s={search_term_string}\"},\"query-input\":{\"@type\":\"PropertyValueSpecification\",\"valueRequired\":true,\"valueName\":\"search_term_string\"}}],\"inLanguage\":\"fr-FR\"}]}<\/script>\n<!-- \/ Yoast SEO plugin. -->","yoast_head_json":{"title":"Nabelschnurgewebe: Stammzellkraft im Doppelpack \u00bb Vita 34","description":"Doppelte Stammzellkraft mit Nabelschnurgewebe sichern und damit ein Leben lang auf die Blut- & Gewebestammzellen aus der Nabelschnur zur\u00fcckgreifen. Jetzt bei Vita 34 informieren!","robots":{"index":"index","follow":"follow","max-snippet":"max-snippet:-1","max-image-preview":"max-image-preview:large","max-video-preview":"max-video-preview:-1"},"canonical":"https:\/\/www.vita34.ch\/nabelschnurgewebe\/doppelpack\/","og_locale":"fr_FR","og_type":"article","og_title":"Nabelschnurgewebe: Stammzellkraft im Doppelpack \u00bb Vita 34","og_description":"Doppelte Stammzellkraft mit Nabelschnurgewebe sichern und damit ein Leben lang auf die Blut- & Gewebestammzellen aus der Nabelschnur zur\u00fcckgreifen. Jetzt bei Vita 34 informieren!","og_url":"https:\/\/www.vita34.ch\/nabelschnurgewebe\/doppelpack\/","og_site_name":"Vita34","article_modified_time":"2024-03-25T13:56:18+00:00","og_image":[{"url":"http:\/\/vita34.ch.w01d7967.kasserver.com\/wp-content\/uploads\/nabelschnurblut-nabelschnurgewebe-1.jpg","type":"","width":"","height":""}],"twitter_card":"summary_large_image","twitter_misc":{"Dur\u00e9e de lecture estim\u00e9e":"2 minutes"},"schema":{"@context":"https:\/\/schema.org","@graph":[{"@type":"WebPage","@id":"https:\/\/www.vita34.ch\/nabelschnurgewebe\/doppelpack\/","url":"https:\/\/www.vita34.ch\/nabelschnurgewebe\/doppelpack\/","name":"Nabelschnurgewebe: Stammzellkraft im Doppelpack \u00bb Vita 34","isPartOf":{"@id":"https:\/\/www.vita34.ch\/#website"},"primaryImageOfPage":{"@id":"https:\/\/www.vita34.ch\/nabelschnurgewebe\/doppelpack\/#primaryimage"},"image":{"@id":"https:\/\/www.vita34.ch\/nabelschnurgewebe\/doppelpack\/#primaryimage"},"thumbnailUrl":"http:\/\/vita34.ch.w01d7967.kasserver.com\/wp-content\/uploads\/nabelschnurblut-nabelschnurgewebe-1.jpg","datePublished":"2016-05-23T13:35:53+00:00","dateModified":"2024-03-25T13:56:18+00:00","description":"Doppelte Stammzellkraft mit Nabelschnurgewebe sichern und damit ein Leben lang auf die Blut- & Gewebestammzellen aus der Nabelschnur zur\u00fcckgreifen. Jetzt bei Vita 34 informieren!","breadcrumb":{"@id":"https:\/\/www.vita34.ch\/nabelschnurgewebe\/doppelpack\/#breadcrumb"},"inLanguage":"fr-FR","potentialAction":[{"@type":"ReadAction","target":["https:\/\/www.vita34.ch\/nabelschnurgewebe\/doppelpack\/"]}]},{"@type":"ImageObject","inLanguage":"fr-FR","@id":"https:\/\/www.vita34.ch\/nabelschnurgewebe\/doppelpack\/#primaryimage","url":"http:\/\/vita34.ch.w01d7967.kasserver.com\/wp-content\/uploads\/nabelschnurblut-nabelschnurgewebe-1.jpg","contentUrl":"http:\/\/vita34.ch.w01d7967.kasserver.com\/wp-content\/uploads\/nabelschnurblut-nabelschnurgewebe-1.jpg"},{"@type":"BreadcrumbList","@id":"https:\/\/www.vita34.ch\/nabelschnurgewebe\/doppelpack\/#breadcrumb","itemListElement":[{"@type":"ListItem","position":1,"name":"Startseite","item":"https:\/\/www.vita34.ch\/fr\/"},{"@type":"ListItem","position":2,"name":"Tissu du cordon ombilical &#8211; Pr\u00e9voir un avenir sain","item":"https:\/\/www.vita34.ch\/nabelschnurgewebe\/"},{"@type":"ListItem","position":3,"name":"Tissu du cordon ombilical"}]},{"@type":"WebSite","@id":"https:\/\/www.vita34.ch\/#website","url":"https:\/\/www.vita34.ch\/","name":"Vita34","description":"Einlagerung von Stammzellen bei Vita 34 - die Stammzellbank","potentialAction":[{"@type":"SearchAction","target":{"@type":"EntryPoint","urlTemplate":"https:\/\/www.vita34.ch\/?s={search_term_string}"},"query-input":{"@type":"PropertyValueSpecification","valueRequired":true,"valueName":"search_term_string"}}],"inLanguage":"fr-FR"}]}},"_links":{"self":[{"href":"https:\/\/www.vita34.ch\/fr\/wp-json\/wp\/v2\/pages\/52597","targetHints":{"allow":["GET"]}}],"collection":[{"href":"https:\/\/www.vita34.ch\/fr\/wp-json\/wp\/v2\/pages"}],"about":[{"href":"https:\/\/www.vita34.ch\/fr\/wp-json\/wp\/v2\/types\/page"}],"author":[{"embeddable":true,"href":"https:\/\/www.vita34.ch\/fr\/wp-json\/wp\/v2\/users\/2"}],"replies":[{"embeddable":true,"href":"https:\/\/www.vita34.ch\/fr\/wp-json\/wp\/v2\/comments?post=52597"}],"version-history":[{"count":9,"href":"https:\/\/www.vita34.ch\/fr\/wp-json\/wp\/v2\/pages\/52597\/revisions"}],"predecessor-version":[{"id":52878,"href":"https:\/\/www.vita34.ch\/fr\/wp-json\/wp\/v2\/pages\/52597\/revisions\/52878"}],"up":[{"embeddable":true,"href":"https:\/\/www.vita34.ch\/fr\/wp-json\/wp\/v2\/pages\/51527"}],"wp:attachment":[{"href":"https:\/\/www.vita34.ch\/fr\/wp-json\/wp\/v2\/media?parent=52597"}],"curies":[{"name":"wp","href":"https:\/\/api.w.org\/{rel}","templated":true}]}}