{"id":52591,"date":"2016-05-23T15:29:39","date_gmt":"2016-05-23T13:29:39","guid":{"rendered":"http:\/\/vita34.ch.w01d7967.kasserver.com\/sang-de-cordon-ombilical\/einlagern\/"},"modified":"2023-04-25T15:55:21","modified_gmt":"2023-04-25T13:55:21","slug":"einlagern","status":"publish","type":"page","link":"https:\/\/www.vita34.ch\/fr\/sang-cordon-ombilical\/einlagern\/","title":{"rendered":"Stocker"},"content":{"rendered":"<p>Vita 34, le fournisseur le plus exp\u00e9riment\u00e9 de l&rsquo;espace germanophone, est ton partenaire comp\u00e9tent pour le stockage de sang et de tissu de cordon ombilical. Pour que les cellules souches soient encore disponibles pour ton enfant dans de nombreuses ann\u00e9es et dans une qualit\u00e9 optimale, nous avons d\u00e9velopp\u00e9 des processus fiables et des mat\u00e9riaux s\u00fbrs pour le stockage.<\/p>","protected":false},"excerpt":{"rendered":"<p>Vita 34, le fournisseur le plus exp\u00e9riment\u00e9 de l&rsquo;espace germanophone, est ton partenaire comp\u00e9tent pour le stockage de sang et de tissu de cordon ombilical. Pour que les cellules souches [&hellip;]<\/p>\n","protected":false},"author":2,"featured_media":0,"parent":51467,"menu_order":0,"comment_status":"closed","ping_status":"closed","template":"infosubpages-v3.php","meta":{"_acf_changed":false,"content-type":"","footnotes":""},"class_list":["post-52591","page","type-page","status-publish","hentry"],"acf":[],"yoast_head":"<!-- This site is optimized with the Yoast SEO plugin v27.4 - https:\/\/yoast.com\/product\/yoast-seo-wordpress\/ -->\n<title>Nabelschnurblut einlagern - sicher mit Vita 34<\/title>\n<meta name=\"description\" content=\"Vita 34 setzt h\u00f6chste Ma\u00dfst\u00e4be bei der Sicherheit von Materialien &amp; Prozessen zum Einlagern von Nabelschnurblut. Jetzt mehr zum Stammzelldepot erfahren!\" \/>\n<meta name=\"robots\" content=\"index, follow, max-snippet:-1, max-image-preview:large, max-video-preview:-1\" \/>\n<link rel=\"canonical\" href=\"https:\/\/www.vita34.ch\/nabelschnurblut\/einlagern\/\" \/>\n<meta property=\"og:locale\" content=\"fr_FR\" \/>\n<meta property=\"og:type\" content=\"article\" \/>\n<meta property=\"og:title\" content=\"Nabelschnurblut einlagern - sicher mit Vita 34\" \/>\n<meta property=\"og:description\" content=\"Vita 34 setzt h\u00f6chste Ma\u00dfst\u00e4be bei der Sicherheit von Materialien &amp; Prozessen zum Einlagern von Nabelschnurblut. Jetzt mehr zum Stammzelldepot erfahren!\" \/>\n<meta property=\"og:url\" content=\"https:\/\/www.vita34.ch\/nabelschnurblut\/einlagern\/\" \/>\n<meta property=\"og:site_name\" content=\"Vita34\" \/>\n<meta property=\"article:modified_time\" content=\"2023-04-25T13:55:21+00:00\" \/>\n<meta name=\"twitter:card\" content=\"summary_large_image\" \/>\n<script type=\"application\/ld+json\" class=\"yoast-schema-graph\">{\"@context\":\"https:\\\/\\\/schema.org\",\"@graph\":[{\"@type\":\"WebPage\",\"@id\":\"https:\\\/\\\/www.vita34.ch\\\/nabelschnurblut\\\/einlagern\\\/\",\"url\":\"https:\\\/\\\/www.vita34.ch\\\/nabelschnurblut\\\/einlagern\\\/\",\"name\":\"Nabelschnurblut einlagern - sicher mit Vita 34\",\"isPartOf\":{\"@id\":\"https:\\\/\\\/www.vita34.ch\\\/#website\"},\"datePublished\":\"2016-05-23T13:29:39+00:00\",\"dateModified\":\"2023-04-25T13:55:21+00:00\",\"description\":\"Vita 34 setzt h\u00f6chste Ma\u00dfst\u00e4be bei der Sicherheit von Materialien & Prozessen zum Einlagern von Nabelschnurblut. Jetzt mehr zum Stammzelldepot erfahren!\",\"breadcrumb\":{\"@id\":\"https:\\\/\\\/www.vita34.ch\\\/nabelschnurblut\\\/einlagern\\\/#breadcrumb\"},\"inLanguage\":\"fr-FR\",\"potentialAction\":[{\"@type\":\"ReadAction\",\"target\":[\"https:\\\/\\\/www.vita34.ch\\\/nabelschnurblut\\\/einlagern\\\/\"]}]},{\"@type\":\"BreadcrumbList\",\"@id\":\"https:\\\/\\\/www.vita34.ch\\\/nabelschnurblut\\\/einlagern\\\/#breadcrumb\",\"itemListElement\":[{\"@type\":\"ListItem\",\"position\":1,\"name\":\"Startseite\",\"item\":\"https:\\\/\\\/www.vita34.ch\\\/fr\\\/\"},{\"@type\":\"ListItem\",\"position\":2,\"name\":\"Sang de cordon ombilical\",\"item\":\"https:\\\/\\\/www.vita34.ch\\\/nabelschnurblut\\\/\"},{\"@type\":\"ListItem\",\"position\":3,\"name\":\"Stocker\"}]},{\"@type\":\"WebSite\",\"@id\":\"https:\\\/\\\/www.vita34.ch\\\/#website\",\"url\":\"https:\\\/\\\/www.vita34.ch\\\/\",\"name\":\"Vita34\",\"description\":\"Einlagerung von Stammzellen bei Vita 34 - die Stammzellbank\",\"potentialAction\":[{\"@type\":\"SearchAction\",\"target\":{\"@type\":\"EntryPoint\",\"urlTemplate\":\"https:\\\/\\\/www.vita34.ch\\\/?s={search_term_string}\"},\"query-input\":{\"@type\":\"PropertyValueSpecification\",\"valueRequired\":true,\"valueName\":\"search_term_string\"}}],\"inLanguage\":\"fr-FR\"}]}<\/script>\n<!-- \/ Yoast SEO plugin. -->","yoast_head_json":{"title":"Nabelschnurblut einlagern - sicher mit Vita 34","description":"Vita 34 setzt h\u00f6chste Ma\u00dfst\u00e4be bei der Sicherheit von Materialien & Prozessen zum Einlagern von Nabelschnurblut. Jetzt mehr zum Stammzelldepot erfahren!","robots":{"index":"index","follow":"follow","max-snippet":"max-snippet:-1","max-image-preview":"max-image-preview:large","max-video-preview":"max-video-preview:-1"},"canonical":"https:\/\/www.vita34.ch\/nabelschnurblut\/einlagern\/","og_locale":"fr_FR","og_type":"article","og_title":"Nabelschnurblut einlagern - sicher mit Vita 34","og_description":"Vita 34 setzt h\u00f6chste Ma\u00dfst\u00e4be bei der Sicherheit von Materialien & Prozessen zum Einlagern von Nabelschnurblut. Jetzt mehr zum Stammzelldepot erfahren!","og_url":"https:\/\/www.vita34.ch\/nabelschnurblut\/einlagern\/","og_site_name":"Vita34","article_modified_time":"2023-04-25T13:55:21+00:00","twitter_card":"summary_large_image","schema":{"@context":"https:\/\/schema.org","@graph":[{"@type":"WebPage","@id":"https:\/\/www.vita34.ch\/nabelschnurblut\/einlagern\/","url":"https:\/\/www.vita34.ch\/nabelschnurblut\/einlagern\/","name":"Nabelschnurblut einlagern - sicher mit Vita 34","isPartOf":{"@id":"https:\/\/www.vita34.ch\/#website"},"datePublished":"2016-05-23T13:29:39+00:00","dateModified":"2023-04-25T13:55:21+00:00","description":"Vita 34 setzt h\u00f6chste Ma\u00dfst\u00e4be bei der Sicherheit von Materialien & Prozessen zum Einlagern von Nabelschnurblut. Jetzt mehr zum Stammzelldepot erfahren!","breadcrumb":{"@id":"https:\/\/www.vita34.ch\/nabelschnurblut\/einlagern\/#breadcrumb"},"inLanguage":"fr-FR","potentialAction":[{"@type":"ReadAction","target":["https:\/\/www.vita34.ch\/nabelschnurblut\/einlagern\/"]}]},{"@type":"BreadcrumbList","@id":"https:\/\/www.vita34.ch\/nabelschnurblut\/einlagern\/#breadcrumb","itemListElement":[{"@type":"ListItem","position":1,"name":"Startseite","item":"https:\/\/www.vita34.ch\/fr\/"},{"@type":"ListItem","position":2,"name":"Sang de cordon ombilical","item":"https:\/\/www.vita34.ch\/nabelschnurblut\/"},{"@type":"ListItem","position":3,"name":"Stocker"}]},{"@type":"WebSite","@id":"https:\/\/www.vita34.ch\/#website","url":"https:\/\/www.vita34.ch\/","name":"Vita34","description":"Einlagerung von Stammzellen bei Vita 34 - die Stammzellbank","potentialAction":[{"@type":"SearchAction","target":{"@type":"EntryPoint","urlTemplate":"https:\/\/www.vita34.ch\/?s={search_term_string}"},"query-input":{"@type":"PropertyValueSpecification","valueRequired":true,"valueName":"search_term_string"}}],"inLanguage":"fr-FR"}]}},"_links":{"self":[{"href":"https:\/\/www.vita34.ch\/fr\/wp-json\/wp\/v2\/pages\/52591","targetHints":{"allow":["GET"]}}],"collection":[{"href":"https:\/\/www.vita34.ch\/fr\/wp-json\/wp\/v2\/pages"}],"about":[{"href":"https:\/\/www.vita34.ch\/fr\/wp-json\/wp\/v2\/types\/page"}],"author":[{"embeddable":true,"href":"https:\/\/www.vita34.ch\/fr\/wp-json\/wp\/v2\/users\/2"}],"replies":[{"embeddable":true,"href":"https:\/\/www.vita34.ch\/fr\/wp-json\/wp\/v2\/comments?post=52591"}],"version-history":[{"count":5,"href":"https:\/\/www.vita34.ch\/fr\/wp-json\/wp\/v2\/pages\/52591\/revisions"}],"predecessor-version":[{"id":52919,"href":"https:\/\/www.vita34.ch\/fr\/wp-json\/wp\/v2\/pages\/52591\/revisions\/52919"}],"up":[{"embeddable":true,"href":"https:\/\/www.vita34.ch\/fr\/wp-json\/wp\/v2\/pages\/51467"}],"wp:attachment":[{"href":"https:\/\/www.vita34.ch\/fr\/wp-json\/wp\/v2\/media?parent=52591"}],"curies":[{"name":"wp","href":"https:\/\/api.w.org\/{rel}","templated":true}]}}