{"id":52495,"date":"2016-04-18T16:13:40","date_gmt":"2016-04-18T14:13:40","guid":{"rendered":"http:\/\/vita34.ch.w01d7967.kasserver.com\/cellules-souches\/anwendungen\/"},"modified":"2022-07-26T11:09:50","modified_gmt":"2022-07-26T09:09:50","slug":"anwendungen","status":"publish","type":"page","link":"https:\/\/www.vita34.ch\/fr\/cellules-souches\/anwendungen\/","title":{"rendered":"applications"},"content":{"rendered":"<p>Stammzellen aus der Nabelschnur sind etwas Besonderes. Sie sind jung, potent und vital. Weltweit laufen zahlreiche klinische Studien, um ihre Eignung zum Einsatz f\u00fcr die Regeneration gesch\u00e4digter Gewebe nach Unf\u00e4llen, bei degenerativen Erkrankungen wie z. B. Bandscheibenvorfall oder bei der Behandlung von Krebs zu erforschen. Viele Mediziner und Wissenschaftler glauben wie Vita 34 an das Potential von Stammzellen: Stammzellreiches Nabelschnurblut und Nabelschnurgewebe wird in der Medizin der Zukunft eine wichtige Behandlungsoption sein.<\/p>\r\n\r\n<div id=\"attachment_9999\" style=\"width: 1210px\" class=\"wp-caption aligncenter\"><img loading=\"lazy\" decoding=\"async\" aria-describedby=\"caption-attachment-9999\" class=\"wp-image-9999 size-full\" src=\"http:\/\/vita34.ch.w01d7967.kasserver.com\/wp-content\/uploads\/stammzellen-anwendung-einsatz.jpg\" alt=\"stammzellen-anwendung-einsatz\" width=\"1200\" height=\"335\" srcset=\"https:\/\/www.vita34.ch\/wp-content\/uploads\/stammzellen-anwendung-einsatz.jpg 1200w, https:\/\/www.vita34.ch\/wp-content\/uploads\/stammzellen-anwendung-einsatz-400x112.jpg 400w, https:\/\/www.vita34.ch\/wp-content\/uploads\/stammzellen-anwendung-einsatz-1024x286.jpg 1024w\" sizes=\"auto, (max-width: 1200px) 100vw, 1200px\" \/><p id=\"caption-attachment-9999\" class=\"wp-caption-text\">Stammzellentherapie bietet f\u00fcr viele Patienten Hoffnung und ist eine wichtige Therapie-Option<\/p><\/div>\r\n\r\n<p>&nbsp;<\/p>\r\n<p>Vita 34 gestaltet diese Entwicklung aktiv mit. Wir engagieren uns mit einer eigenen Forschungs- und Entwicklungsabteilung und in europaweiter Zusammenarbeit mit f\u00fchrenden Universit\u00e4ten und Forschungsinstituten in der Grundlagen- und Anwendungsforschung. Von diesem Wissen profitieren auch unsere Vita 34-Kunden: Der wachsende Wissensstand der Stammzellenforschung macht das Stammzelldepot Deines Kindes Tag f\u00fcr Tag wertvoller.<\/p>\r\n\r\n<div id=\"attachment_11761\" style=\"width: 1210px\" class=\"wp-caption aligncenter\"><img loading=\"lazy\" decoding=\"async\" aria-describedby=\"caption-attachment-11761\" class=\"wp-image-11761 size-full\" src=\"http:\/\/vita34.ch.w01d7967.kasserver.com\/wp-content\/uploads\/stammzellen-anwendung-einsatzgebiete.jpg\" alt=\"stammzellen-anwendung-einsatzgebiete\" width=\"1200\" height=\"503\" srcset=\"https:\/\/www.vita34.ch\/wp-content\/uploads\/stammzellen-anwendung-einsatzgebiete.jpg 1200w, https:\/\/www.vita34.ch\/wp-content\/uploads\/stammzellen-anwendung-einsatzgebiete-400x168.jpg 400w, https:\/\/www.vita34.ch\/wp-content\/uploads\/stammzellen-anwendung-einsatzgebiete-1024x429.jpg 1024w\" sizes=\"auto, (max-width: 1200px) 100vw, 1200px\" \/><p id=\"caption-attachment-11761\" class=\"wp-caption-text\">Tortendiagramm mit den Anwendungsgebieten von Stammzellen<\/p><\/div>","protected":false},"excerpt":{"rendered":"<p>Stammzellen aus der Nabelschnur sind etwas Besonderes. Sie sind jung, potent und vital. Weltweit laufen zahlreiche klinische Studien, um ihre Eignung zum Einsatz f\u00fcr die Regeneration gesch\u00e4digter Gewebe nach Unf\u00e4llen, [&hellip;]<\/p>\n","protected":false},"author":2,"featured_media":0,"parent":51484,"menu_order":0,"comment_status":"closed","ping_status":"closed","template":"infosubpages-v3.php","meta":{"_acf_changed":false,"content-type":"","footnotes":""},"class_list":["post-52495","page","type-page","status-publish","hentry"],"acf":[],"yoast_head":"<!-- This site is optimized with the Yoast SEO plugin v27.4 - https:\/\/yoast.com\/product\/yoast-seo-wordpress\/ -->\n<title>Anwendungen von Stammzellen &amp; Stammzellentherapie \u00bb Vita 34<\/title>\n<meta name=\"description\" content=\"Die Stammzellentherapie ist keine Science Ficiton mehr. Stammzellen werden bereits heute erfolgreich angewendet. Jetzt bei Vita 34 informieren!\" \/>\n<meta name=\"robots\" content=\"index, follow, max-snippet:-1, max-image-preview:large, max-video-preview:-1\" \/>\n<link rel=\"canonical\" href=\"https:\/\/www.vita34.ch\/stammzellen\/anwendungen\/\" \/>\n<meta property=\"og:locale\" content=\"fr_FR\" \/>\n<meta property=\"og:type\" content=\"article\" \/>\n<meta property=\"og:title\" content=\"Anwendungen von Stammzellen &amp; Stammzellentherapie \u00bb Vita 34\" \/>\n<meta property=\"og:description\" content=\"Die Stammzellentherapie ist keine Science Ficiton mehr. Stammzellen werden bereits heute erfolgreich angewendet. Jetzt bei Vita 34 informieren!\" \/>\n<meta property=\"og:url\" content=\"https:\/\/www.vita34.ch\/stammzellen\/anwendungen\/\" \/>\n<meta property=\"og:site_name\" content=\"Vita34\" \/>\n<meta property=\"article:modified_time\" content=\"2022-07-26T09:09:50+00:00\" \/>\n<meta property=\"og:image\" content=\"http:\/\/vita34.ch.w01d7967.kasserver.com\/wp-content\/uploads\/stammzellen-anwendung-einsatz.jpg\" \/>\n<meta name=\"twitter:card\" content=\"summary_large_image\" \/>\n<meta name=\"twitter:label1\" content=\"Dur\u00e9e de lecture estim\u00e9e\" \/>\n\t<meta name=\"twitter:data1\" content=\"1 minute\" \/>\n<script type=\"application\/ld+json\" class=\"yoast-schema-graph\">{\"@context\":\"https:\\\/\\\/schema.org\",\"@graph\":[{\"@type\":\"WebPage\",\"@id\":\"https:\\\/\\\/www.vita34.ch\\\/stammzellen\\\/anwendungen\\\/\",\"url\":\"https:\\\/\\\/www.vita34.ch\\\/stammzellen\\\/anwendungen\\\/\",\"name\":\"Anwendungen von Stammzellen & Stammzellentherapie \u00bb Vita 34\",\"isPartOf\":{\"@id\":\"https:\\\/\\\/www.vita34.ch\\\/#website\"},\"primaryImageOfPage\":{\"@id\":\"https:\\\/\\\/www.vita34.ch\\\/stammzellen\\\/anwendungen\\\/#primaryimage\"},\"image\":{\"@id\":\"https:\\\/\\\/www.vita34.ch\\\/stammzellen\\\/anwendungen\\\/#primaryimage\"},\"thumbnailUrl\":\"http:\\\/\\\/vita34.ch.w01d7967.kasserver.com\\\/wp-content\\\/uploads\\\/stammzellen-anwendung-einsatz.jpg\",\"datePublished\":\"2016-04-18T14:13:40+00:00\",\"dateModified\":\"2022-07-26T09:09:50+00:00\",\"description\":\"Die Stammzellentherapie ist keine Science Ficiton mehr. Stammzellen werden bereits heute erfolgreich angewendet. Jetzt bei Vita 34 informieren!\",\"breadcrumb\":{\"@id\":\"https:\\\/\\\/www.vita34.ch\\\/stammzellen\\\/anwendungen\\\/#breadcrumb\"},\"inLanguage\":\"fr-FR\",\"potentialAction\":[{\"@type\":\"ReadAction\",\"target\":[\"https:\\\/\\\/www.vita34.ch\\\/stammzellen\\\/anwendungen\\\/\"]}]},{\"@type\":\"ImageObject\",\"inLanguage\":\"fr-FR\",\"@id\":\"https:\\\/\\\/www.vita34.ch\\\/stammzellen\\\/anwendungen\\\/#primaryimage\",\"url\":\"http:\\\/\\\/vita34.ch.w01d7967.kasserver.com\\\/wp-content\\\/uploads\\\/stammzellen-anwendung-einsatz.jpg\",\"contentUrl\":\"http:\\\/\\\/vita34.ch.w01d7967.kasserver.com\\\/wp-content\\\/uploads\\\/stammzellen-anwendung-einsatz.jpg\"},{\"@type\":\"BreadcrumbList\",\"@id\":\"https:\\\/\\\/www.vita34.ch\\\/stammzellen\\\/anwendungen\\\/#breadcrumb\",\"itemListElement\":[{\"@type\":\"ListItem\",\"position\":1,\"name\":\"Startseite\",\"item\":\"https:\\\/\\\/www.vita34.ch\\\/fr\\\/\"},{\"@type\":\"ListItem\",\"position\":2,\"name\":\"Cellules souches\",\"item\":\"https:\\\/\\\/www.vita34.ch\\\/stammzellen\\\/\"},{\"@type\":\"ListItem\",\"position\":3,\"name\":\"applications\"}]},{\"@type\":\"WebSite\",\"@id\":\"https:\\\/\\\/www.vita34.ch\\\/#website\",\"url\":\"https:\\\/\\\/www.vita34.ch\\\/\",\"name\":\"Vita34\",\"description\":\"Einlagerung von Stammzellen bei Vita 34 - die Stammzellbank\",\"potentialAction\":[{\"@type\":\"SearchAction\",\"target\":{\"@type\":\"EntryPoint\",\"urlTemplate\":\"https:\\\/\\\/www.vita34.ch\\\/?s={search_term_string}\"},\"query-input\":{\"@type\":\"PropertyValueSpecification\",\"valueRequired\":true,\"valueName\":\"search_term_string\"}}],\"inLanguage\":\"fr-FR\"}]}<\/script>\n<!-- \/ Yoast SEO plugin. -->","yoast_head_json":{"title":"Anwendungen von Stammzellen & Stammzellentherapie \u00bb Vita 34","description":"Die Stammzellentherapie ist keine Science Ficiton mehr. Stammzellen werden bereits heute erfolgreich angewendet. Jetzt bei Vita 34 informieren!","robots":{"index":"index","follow":"follow","max-snippet":"max-snippet:-1","max-image-preview":"max-image-preview:large","max-video-preview":"max-video-preview:-1"},"canonical":"https:\/\/www.vita34.ch\/stammzellen\/anwendungen\/","og_locale":"fr_FR","og_type":"article","og_title":"Anwendungen von Stammzellen & Stammzellentherapie \u00bb Vita 34","og_description":"Die Stammzellentherapie ist keine Science Ficiton mehr. Stammzellen werden bereits heute erfolgreich angewendet. Jetzt bei Vita 34 informieren!","og_url":"https:\/\/www.vita34.ch\/stammzellen\/anwendungen\/","og_site_name":"Vita34","article_modified_time":"2022-07-26T09:09:50+00:00","og_image":[{"url":"http:\/\/vita34.ch.w01d7967.kasserver.com\/wp-content\/uploads\/stammzellen-anwendung-einsatz.jpg","type":"","width":"","height":""}],"twitter_card":"summary_large_image","twitter_misc":{"Dur\u00e9e de lecture estim\u00e9e":"1 minute"},"schema":{"@context":"https:\/\/schema.org","@graph":[{"@type":"WebPage","@id":"https:\/\/www.vita34.ch\/stammzellen\/anwendungen\/","url":"https:\/\/www.vita34.ch\/stammzellen\/anwendungen\/","name":"Anwendungen von Stammzellen & Stammzellentherapie \u00bb Vita 34","isPartOf":{"@id":"https:\/\/www.vita34.ch\/#website"},"primaryImageOfPage":{"@id":"https:\/\/www.vita34.ch\/stammzellen\/anwendungen\/#primaryimage"},"image":{"@id":"https:\/\/www.vita34.ch\/stammzellen\/anwendungen\/#primaryimage"},"thumbnailUrl":"http:\/\/vita34.ch.w01d7967.kasserver.com\/wp-content\/uploads\/stammzellen-anwendung-einsatz.jpg","datePublished":"2016-04-18T14:13:40+00:00","dateModified":"2022-07-26T09:09:50+00:00","description":"Die Stammzellentherapie ist keine Science Ficiton mehr. Stammzellen werden bereits heute erfolgreich angewendet. Jetzt bei Vita 34 informieren!","breadcrumb":{"@id":"https:\/\/www.vita34.ch\/stammzellen\/anwendungen\/#breadcrumb"},"inLanguage":"fr-FR","potentialAction":[{"@type":"ReadAction","target":["https:\/\/www.vita34.ch\/stammzellen\/anwendungen\/"]}]},{"@type":"ImageObject","inLanguage":"fr-FR","@id":"https:\/\/www.vita34.ch\/stammzellen\/anwendungen\/#primaryimage","url":"http:\/\/vita34.ch.w01d7967.kasserver.com\/wp-content\/uploads\/stammzellen-anwendung-einsatz.jpg","contentUrl":"http:\/\/vita34.ch.w01d7967.kasserver.com\/wp-content\/uploads\/stammzellen-anwendung-einsatz.jpg"},{"@type":"BreadcrumbList","@id":"https:\/\/www.vita34.ch\/stammzellen\/anwendungen\/#breadcrumb","itemListElement":[{"@type":"ListItem","position":1,"name":"Startseite","item":"https:\/\/www.vita34.ch\/fr\/"},{"@type":"ListItem","position":2,"name":"Cellules souches","item":"https:\/\/www.vita34.ch\/stammzellen\/"},{"@type":"ListItem","position":3,"name":"applications"}]},{"@type":"WebSite","@id":"https:\/\/www.vita34.ch\/#website","url":"https:\/\/www.vita34.ch\/","name":"Vita34","description":"Einlagerung von Stammzellen bei Vita 34 - die Stammzellbank","potentialAction":[{"@type":"SearchAction","target":{"@type":"EntryPoint","urlTemplate":"https:\/\/www.vita34.ch\/?s={search_term_string}"},"query-input":{"@type":"PropertyValueSpecification","valueRequired":true,"valueName":"search_term_string"}}],"inLanguage":"fr-FR"}]}},"_links":{"self":[{"href":"https:\/\/www.vita34.ch\/fr\/wp-json\/wp\/v2\/pages\/52495","targetHints":{"allow":["GET"]}}],"collection":[{"href":"https:\/\/www.vita34.ch\/fr\/wp-json\/wp\/v2\/pages"}],"about":[{"href":"https:\/\/www.vita34.ch\/fr\/wp-json\/wp\/v2\/types\/page"}],"author":[{"embeddable":true,"href":"https:\/\/www.vita34.ch\/fr\/wp-json\/wp\/v2\/users\/2"}],"replies":[{"embeddable":true,"href":"https:\/\/www.vita34.ch\/fr\/wp-json\/wp\/v2\/comments?post=52495"}],"version-history":[{"count":2,"href":"https:\/\/www.vita34.ch\/fr\/wp-json\/wp\/v2\/pages\/52495\/revisions"}],"predecessor-version":[{"id":52498,"href":"https:\/\/www.vita34.ch\/fr\/wp-json\/wp\/v2\/pages\/52495\/revisions\/52498"}],"up":[{"embeddable":true,"href":"https:\/\/www.vita34.ch\/fr\/wp-json\/wp\/v2\/pages\/51484"}],"wp:attachment":[{"href":"https:\/\/www.vita34.ch\/fr\/wp-json\/wp\/v2\/media?parent=52495"}],"curies":[{"name":"wp","href":"https:\/\/api.w.org\/{rel}","templated":true}]}}