{"id":51484,"date":"2016-04-04T09:49:12","date_gmt":"2016-04-04T07:49:12","guid":{"rendered":"http:\/\/vita34.ch.w01d7967.kasserver.com\/?page_id=51484"},"modified":"2024-03-25T14:54:42","modified_gmt":"2024-03-25T13:54:42","slug":"cellules-souches","status":"publish","type":"page","link":"https:\/\/www.vita34.ch\/fr\/cellules-souches\/","title":{"rendered":"Cellules souches"},"content":{"rendered":"<p>Les cellules souches sont les \u00e9l\u00e9ments constitutifs de la vie. C&rsquo;est \u00e0 partir de la premi\u00e8re cellule souche, l&rsquo;ovule f\u00e9cond\u00e9, que se d\u00e9veloppe l&rsquo;\u00eatre humain tout entier. Par la multiplication et la diff\u00e9renciation, les cellules souches donnent naissance \u00e0 plus de 200 types de cellules diff\u00e9rentes.<\/p>","protected":false},"excerpt":{"rendered":"<p>Les cellules souches sont les \u00e9l\u00e9ments constitutifs de la vie. C&rsquo;est \u00e0 partir de la premi\u00e8re cellule souche, l&rsquo;ovule f\u00e9cond\u00e9, que se d\u00e9veloppe l&rsquo;\u00eatre humain tout entier. Par la multiplication [&hellip;]<\/p>\n","protected":false},"author":1,"featured_media":0,"parent":0,"menu_order":0,"comment_status":"closed","ping_status":"closed","template":"infopages-v3.php","meta":{"_acf_changed":false,"content-type":"","footnotes":""},"class_list":["post-51484","page","type-page","status-publish","hentry"],"acf":[],"yoast_head":"<!-- This site is optimized with the Yoast SEO plugin v27.3 - https:\/\/yoast.com\/product\/yoast-seo-wordpress\/ -->\n<title>Stammzellen: Bausteine des Lebens \u00bb Vita 34<\/title>\n<meta name=\"description\" content=\"Stammzellen sind Allesk\u00f6nner und zust\u00e4ndig f\u00fcrs Regenerieren, Spezialisieren &amp; Reparieren. Jetzt mehr bei Vita 34 zu den Bausteinen des Lebens erfahren!\" \/>\n<meta name=\"robots\" content=\"index, follow, max-snippet:-1, max-image-preview:large, max-video-preview:-1\" \/>\n<link rel=\"canonical\" href=\"https:\/\/www.vita34.ch\/stammzellen\/\" \/>\n<meta property=\"og:locale\" content=\"fr_FR\" \/>\n<meta property=\"og:type\" content=\"article\" \/>\n<meta property=\"og:title\" content=\"Stammzellen: Bausteine des Lebens \u00bb Vita 34\" \/>\n<meta property=\"og:description\" content=\"Stammzellen sind Allesk\u00f6nner und zust\u00e4ndig f\u00fcrs Regenerieren, Spezialisieren &amp; Reparieren. Jetzt mehr bei Vita 34 zu den Bausteinen des Lebens erfahren!\" \/>\n<meta property=\"og:url\" content=\"https:\/\/www.vita34.ch\/stammzellen\/\" \/>\n<meta property=\"og:site_name\" content=\"Vita34\" \/>\n<meta property=\"article:modified_time\" content=\"2024-03-25T13:54:42+00:00\" \/>\n<meta name=\"twitter:card\" content=\"summary_large_image\" \/>\n<script type=\"application\/ld+json\" class=\"yoast-schema-graph\">{\"@context\":\"https:\\\/\\\/schema.org\",\"@graph\":[{\"@type\":\"WebPage\",\"@id\":\"https:\\\/\\\/www.vita34.ch\\\/stammzellen\\\/\",\"url\":\"https:\\\/\\\/www.vita34.ch\\\/stammzellen\\\/\",\"name\":\"Stammzellen: Bausteine des Lebens \u00bb Vita 34\",\"isPartOf\":{\"@id\":\"https:\\\/\\\/www.vita34.ch\\\/#website\"},\"datePublished\":\"2016-04-04T07:49:12+00:00\",\"dateModified\":\"2024-03-25T13:54:42+00:00\",\"description\":\"Stammzellen sind Allesk\u00f6nner und zust\u00e4ndig f\u00fcrs Regenerieren, Spezialisieren & Reparieren. Jetzt mehr bei Vita 34 zu den Bausteinen des Lebens erfahren!\",\"breadcrumb\":{\"@id\":\"https:\\\/\\\/www.vita34.ch\\\/stammzellen\\\/#breadcrumb\"},\"inLanguage\":\"fr-FR\",\"potentialAction\":[{\"@type\":\"ReadAction\",\"target\":[\"https:\\\/\\\/www.vita34.ch\\\/stammzellen\\\/\"]}]},{\"@type\":\"BreadcrumbList\",\"@id\":\"https:\\\/\\\/www.vita34.ch\\\/stammzellen\\\/#breadcrumb\",\"itemListElement\":[{\"@type\":\"ListItem\",\"position\":1,\"name\":\"Startseite\",\"item\":\"https:\\\/\\\/www.vita34.ch\\\/fr\\\/\"},{\"@type\":\"ListItem\",\"position\":2,\"name\":\"Cellules souches\"}]},{\"@type\":\"WebSite\",\"@id\":\"https:\\\/\\\/www.vita34.ch\\\/#website\",\"url\":\"https:\\\/\\\/www.vita34.ch\\\/\",\"name\":\"Vita34\",\"description\":\"Einlagerung von Stammzellen bei Vita 34 - die Stammzellbank\",\"potentialAction\":[{\"@type\":\"SearchAction\",\"target\":{\"@type\":\"EntryPoint\",\"urlTemplate\":\"https:\\\/\\\/www.vita34.ch\\\/?s={search_term_string}\"},\"query-input\":{\"@type\":\"PropertyValueSpecification\",\"valueRequired\":true,\"valueName\":\"search_term_string\"}}],\"inLanguage\":\"fr-FR\"}]}<\/script>\n<!-- \/ Yoast SEO plugin. -->","yoast_head_json":{"title":"Stammzellen: Bausteine des Lebens \u00bb Vita 34","description":"Stammzellen sind Allesk\u00f6nner und zust\u00e4ndig f\u00fcrs Regenerieren, Spezialisieren & Reparieren. Jetzt mehr bei Vita 34 zu den Bausteinen des Lebens erfahren!","robots":{"index":"index","follow":"follow","max-snippet":"max-snippet:-1","max-image-preview":"max-image-preview:large","max-video-preview":"max-video-preview:-1"},"canonical":"https:\/\/www.vita34.ch\/stammzellen\/","og_locale":"fr_FR","og_type":"article","og_title":"Stammzellen: Bausteine des Lebens \u00bb Vita 34","og_description":"Stammzellen sind Allesk\u00f6nner und zust\u00e4ndig f\u00fcrs Regenerieren, Spezialisieren & Reparieren. Jetzt mehr bei Vita 34 zu den Bausteinen des Lebens erfahren!","og_url":"https:\/\/www.vita34.ch\/stammzellen\/","og_site_name":"Vita34","article_modified_time":"2024-03-25T13:54:42+00:00","twitter_card":"summary_large_image","schema":{"@context":"https:\/\/schema.org","@graph":[{"@type":"WebPage","@id":"https:\/\/www.vita34.ch\/stammzellen\/","url":"https:\/\/www.vita34.ch\/stammzellen\/","name":"Stammzellen: Bausteine des Lebens \u00bb Vita 34","isPartOf":{"@id":"https:\/\/www.vita34.ch\/#website"},"datePublished":"2016-04-04T07:49:12+00:00","dateModified":"2024-03-25T13:54:42+00:00","description":"Stammzellen sind Allesk\u00f6nner und zust\u00e4ndig f\u00fcrs Regenerieren, Spezialisieren & Reparieren. Jetzt mehr bei Vita 34 zu den Bausteinen des Lebens erfahren!","breadcrumb":{"@id":"https:\/\/www.vita34.ch\/stammzellen\/#breadcrumb"},"inLanguage":"fr-FR","potentialAction":[{"@type":"ReadAction","target":["https:\/\/www.vita34.ch\/stammzellen\/"]}]},{"@type":"BreadcrumbList","@id":"https:\/\/www.vita34.ch\/stammzellen\/#breadcrumb","itemListElement":[{"@type":"ListItem","position":1,"name":"Startseite","item":"https:\/\/www.vita34.ch\/fr\/"},{"@type":"ListItem","position":2,"name":"Cellules souches"}]},{"@type":"WebSite","@id":"https:\/\/www.vita34.ch\/#website","url":"https:\/\/www.vita34.ch\/","name":"Vita34","description":"Einlagerung von Stammzellen bei Vita 34 - die Stammzellbank","potentialAction":[{"@type":"SearchAction","target":{"@type":"EntryPoint","urlTemplate":"https:\/\/www.vita34.ch\/?s={search_term_string}"},"query-input":{"@type":"PropertyValueSpecification","valueRequired":true,"valueName":"search_term_string"}}],"inLanguage":"fr-FR"}]}},"_links":{"self":[{"href":"https:\/\/www.vita34.ch\/fr\/wp-json\/wp\/v2\/pages\/51484","targetHints":{"allow":["GET"]}}],"collection":[{"href":"https:\/\/www.vita34.ch\/fr\/wp-json\/wp\/v2\/pages"}],"about":[{"href":"https:\/\/www.vita34.ch\/fr\/wp-json\/wp\/v2\/types\/page"}],"author":[{"embeddable":true,"href":"https:\/\/www.vita34.ch\/fr\/wp-json\/wp\/v2\/users\/1"}],"replies":[{"embeddable":true,"href":"https:\/\/www.vita34.ch\/fr\/wp-json\/wp\/v2\/comments?post=51484"}],"version-history":[{"count":5,"href":"https:\/\/www.vita34.ch\/fr\/wp-json\/wp\/v2\/pages\/51484\/revisions"}],"predecessor-version":[{"id":53248,"href":"https:\/\/www.vita34.ch\/fr\/wp-json\/wp\/v2\/pages\/51484\/revisions\/53248"}],"wp:attachment":[{"href":"https:\/\/www.vita34.ch\/fr\/wp-json\/wp\/v2\/media?parent=51484"}],"curies":[{"name":"wp","href":"https:\/\/api.w.org\/{rel}","templated":true}]}}