{"id":51467,"date":"2016-04-04T09:48:51","date_gmt":"2016-04-04T07:48:51","guid":{"rendered":"http:\/\/vita34.ch.w01d7967.kasserver.com\/?page_id=51467"},"modified":"2024-03-25T14:54:05","modified_gmt":"2024-03-25T13:54:05","slug":"sang-cordon-ombilical","status":"publish","type":"page","link":"https:\/\/www.vita34.ch\/fr\/sang-cordon-ombilical\/","title":{"rendered":"Sang de cordon ombilical"},"content":{"rendered":"<p>Dans la circulation sanguine de ton b\u00e9b\u00e9 se trouvent des millions de cellules souches. Apr\u00e8s le cordon ombilical, un reste de ce sang riche en cellules souches reste dans le cordon ombilical et peut \u00eatre pr\u00e9lev\u00e9 et conserv\u00e9 \u00e0 la naissance d&rsquo;un enfant. Le pr\u00e9l\u00e8vement est simple, s\u00fbr, indolore et sans risque pour la m\u00e8re et l&rsquo;enfant. Le sang du cordon ombilical a un potentiel \u00e9norme. Conserv\u00e9es dans un d\u00e9p\u00f4t de cellules souches chez Vita 34, les cellules souches du cordon ombilical sont disponibles toute la vie et peuvent aider \u00e0 r\u00e9duire les dommages qui surviennent \u00e0 tout \u00e2ge. Du b\u00e9b\u00e9 \u00e0 la personne \u00e2g\u00e9e, les cellules souches peuvent soutenir les processus de r\u00e9paration tout au long de la vie.<\/p>","protected":false},"excerpt":{"rendered":"<p>Dans la circulation sanguine de ton b\u00e9b\u00e9 se trouvent des millions de cellules souches. Apr\u00e8s le cordon ombilical, un reste de ce sang riche en cellules souches reste dans le [&hellip;]<\/p>\n","protected":false},"author":1,"featured_media":0,"parent":0,"menu_order":0,"comment_status":"closed","ping_status":"closed","template":"infopages-v3.php","meta":{"_acf_changed":false,"content-type":"","footnotes":""},"class_list":["post-51467","page","type-page","status-publish","hentry"],"acf":[],"yoast_head":"<!-- This site is optimized with the Yoast SEO plugin v27.4 - https:\/\/yoast.com\/product\/yoast-seo-wordpress\/ -->\n<title>Sang de cordon obilical<\/title>\n<meta name=\"description\" content=\"La circulation sanguine de ton b\u00e9b\u00e9 contient des millions de cellules souches. Apr\u00e8s le cordon obilical, un reste de ca sang riche en \u2026\" \/>\n<meta name=\"robots\" content=\"index, follow, max-snippet:-1, max-image-preview:large, max-video-preview:-1\" \/>\n<link rel=\"canonical\" href=\"https:\/\/www.vita34.ch\/nabelschnurblut\/\" \/>\n<meta property=\"og:locale\" content=\"fr_FR\" \/>\n<meta property=\"og:type\" content=\"article\" \/>\n<meta property=\"og:title\" content=\"Sang de cordon obilical\" \/>\n<meta property=\"og:description\" content=\"La circulation sanguine de ton b\u00e9b\u00e9 contient des millions de cellules souches. Apr\u00e8s le cordon obilical, un reste de ca sang riche en \u2026\" \/>\n<meta property=\"og:url\" content=\"https:\/\/www.vita34.ch\/nabelschnurblut\/\" \/>\n<meta property=\"og:site_name\" content=\"Vita34\" \/>\n<meta property=\"article:modified_time\" content=\"2024-03-25T13:54:05+00:00\" \/>\n<meta name=\"twitter:card\" content=\"summary_large_image\" \/>\n<meta name=\"twitter:label1\" content=\"Dur\u00e9e de lecture estim\u00e9e\" \/>\n\t<meta name=\"twitter:data1\" content=\"1 minute\" \/>\n<script type=\"application\/ld+json\" class=\"yoast-schema-graph\">{\"@context\":\"https:\\\/\\\/schema.org\",\"@graph\":[{\"@type\":\"WebPage\",\"@id\":\"https:\\\/\\\/www.vita34.ch\\\/nabelschnurblut\\\/\",\"url\":\"https:\\\/\\\/www.vita34.ch\\\/nabelschnurblut\\\/\",\"name\":\"Sang de cordon obilical\",\"isPartOf\":{\"@id\":\"https:\\\/\\\/www.vita34.ch\\\/#website\"},\"datePublished\":\"2016-04-04T07:48:51+00:00\",\"dateModified\":\"2024-03-25T13:54:05+00:00\",\"description\":\"La circulation sanguine de ton b\u00e9b\u00e9 contient des millions de cellules souches. Apr\u00e8s le cordon obilical, un reste de ca sang riche en \u2026\",\"breadcrumb\":{\"@id\":\"https:\\\/\\\/www.vita34.ch\\\/nabelschnurblut\\\/#breadcrumb\"},\"inLanguage\":\"fr-FR\",\"potentialAction\":[{\"@type\":\"ReadAction\",\"target\":[\"https:\\\/\\\/www.vita34.ch\\\/nabelschnurblut\\\/\"]}]},{\"@type\":\"BreadcrumbList\",\"@id\":\"https:\\\/\\\/www.vita34.ch\\\/nabelschnurblut\\\/#breadcrumb\",\"itemListElement\":[{\"@type\":\"ListItem\",\"position\":1,\"name\":\"Startseite\",\"item\":\"https:\\\/\\\/www.vita34.ch\\\/fr\\\/\"},{\"@type\":\"ListItem\",\"position\":2,\"name\":\"Sang de cordon ombilical\"}]},{\"@type\":\"WebSite\",\"@id\":\"https:\\\/\\\/www.vita34.ch\\\/#website\",\"url\":\"https:\\\/\\\/www.vita34.ch\\\/\",\"name\":\"Vita34\",\"description\":\"Einlagerung von Stammzellen bei Vita 34 - die Stammzellbank\",\"potentialAction\":[{\"@type\":\"SearchAction\",\"target\":{\"@type\":\"EntryPoint\",\"urlTemplate\":\"https:\\\/\\\/www.vita34.ch\\\/?s={search_term_string}\"},\"query-input\":{\"@type\":\"PropertyValueSpecification\",\"valueRequired\":true,\"valueName\":\"search_term_string\"}}],\"inLanguage\":\"fr-FR\"}]}<\/script>\n<!-- \/ Yoast SEO plugin. -->","yoast_head_json":{"title":"Sang de cordon obilical","description":"La circulation sanguine de ton b\u00e9b\u00e9 contient des millions de cellules souches. Apr\u00e8s le cordon obilical, un reste de ca sang riche en \u2026","robots":{"index":"index","follow":"follow","max-snippet":"max-snippet:-1","max-image-preview":"max-image-preview:large","max-video-preview":"max-video-preview:-1"},"canonical":"https:\/\/www.vita34.ch\/nabelschnurblut\/","og_locale":"fr_FR","og_type":"article","og_title":"Sang de cordon obilical","og_description":"La circulation sanguine de ton b\u00e9b\u00e9 contient des millions de cellules souches. Apr\u00e8s le cordon obilical, un reste de ca sang riche en \u2026","og_url":"https:\/\/www.vita34.ch\/nabelschnurblut\/","og_site_name":"Vita34","article_modified_time":"2024-03-25T13:54:05+00:00","twitter_card":"summary_large_image","twitter_misc":{"Dur\u00e9e de lecture estim\u00e9e":"1 minute"},"schema":{"@context":"https:\/\/schema.org","@graph":[{"@type":"WebPage","@id":"https:\/\/www.vita34.ch\/nabelschnurblut\/","url":"https:\/\/www.vita34.ch\/nabelschnurblut\/","name":"Sang de cordon obilical","isPartOf":{"@id":"https:\/\/www.vita34.ch\/#website"},"datePublished":"2016-04-04T07:48:51+00:00","dateModified":"2024-03-25T13:54:05+00:00","description":"La circulation sanguine de ton b\u00e9b\u00e9 contient des millions de cellules souches. Apr\u00e8s le cordon obilical, un reste de ca sang riche en \u2026","breadcrumb":{"@id":"https:\/\/www.vita34.ch\/nabelschnurblut\/#breadcrumb"},"inLanguage":"fr-FR","potentialAction":[{"@type":"ReadAction","target":["https:\/\/www.vita34.ch\/nabelschnurblut\/"]}]},{"@type":"BreadcrumbList","@id":"https:\/\/www.vita34.ch\/nabelschnurblut\/#breadcrumb","itemListElement":[{"@type":"ListItem","position":1,"name":"Startseite","item":"https:\/\/www.vita34.ch\/fr\/"},{"@type":"ListItem","position":2,"name":"Sang de cordon ombilical"}]},{"@type":"WebSite","@id":"https:\/\/www.vita34.ch\/#website","url":"https:\/\/www.vita34.ch\/","name":"Vita34","description":"Einlagerung von Stammzellen bei Vita 34 - die Stammzellbank","potentialAction":[{"@type":"SearchAction","target":{"@type":"EntryPoint","urlTemplate":"https:\/\/www.vita34.ch\/?s={search_term_string}"},"query-input":{"@type":"PropertyValueSpecification","valueRequired":true,"valueName":"search_term_string"}}],"inLanguage":"fr-FR"}]}},"_links":{"self":[{"href":"https:\/\/www.vita34.ch\/fr\/wp-json\/wp\/v2\/pages\/51467","targetHints":{"allow":["GET"]}}],"collection":[{"href":"https:\/\/www.vita34.ch\/fr\/wp-json\/wp\/v2\/pages"}],"about":[{"href":"https:\/\/www.vita34.ch\/fr\/wp-json\/wp\/v2\/types\/page"}],"author":[{"embeddable":true,"href":"https:\/\/www.vita34.ch\/fr\/wp-json\/wp\/v2\/users\/1"}],"replies":[{"embeddable":true,"href":"https:\/\/www.vita34.ch\/fr\/wp-json\/wp\/v2\/comments?post=51467"}],"version-history":[{"count":6,"href":"https:\/\/www.vita34.ch\/fr\/wp-json\/wp\/v2\/pages\/51467\/revisions"}],"predecessor-version":[{"id":53256,"href":"https:\/\/www.vita34.ch\/fr\/wp-json\/wp\/v2\/pages\/51467\/revisions\/53256"}],"wp:attachment":[{"href":"https:\/\/www.vita34.ch\/fr\/wp-json\/wp\/v2\/media?parent=51467"}],"curies":[{"name":"wp","href":"https:\/\/api.w.org\/{rel}","templated":true}]}}