{"id":50636,"date":"2022-07-21T10:15:56","date_gmt":"2022-07-21T08:15:56","guid":{"rendered":"http:\/\/vita34.ch.w01d7967.kasserver.com\/?page_id=50636"},"modified":"2025-08-29T09:23:05","modified_gmt":"2025-08-29T07:23:05","slug":"propos-de-nous","status":"publish","type":"page","link":"https:\/\/www.vita34.ch\/fr\/propos-de-nous\/","title":{"rendered":"\u00c0 propos de nous"},"content":{"rendered":"<p>Nous croyons aux progr\u00e8s de la m\u00e9decine et aux possibilit\u00e9s croissantes qui en d\u00e9coulent pour la sant\u00e9 des personnes. C&rsquo;est ce qui nous motive chaque jour.<\/p>\r\n<p>Nous voulons aider les gens \u00e0 pr\u00e9server et \u00e0 r\u00e9tablir leur sant\u00e9. Mais pas seulement. Nous voulons t&rsquo;aider \u00e0 pr\u00e9parer un avenir sain, \u00e0 mieux g\u00e9rer et \u00e0 optimiser ta propre sant\u00e9.<\/p>\r\n<p>Nous ouvrons la porte \u00e0 une multitude de possibilit\u00e9s th\u00e9rapeutiques personnalis\u00e9es. Des possibilit\u00e9s th\u00e9rapeutiques qui contribuent \u00e0 la vitalit\u00e9 de l&rsquo;\u00eatre humain.<\/p>\r\n<p><strong>Vita 34 permet ainsi un avenir plus vital. Pour tous.<\/strong><\/p>\r\n<p>&nbsp;<\/p>\r\n<h2>Le futur est en Suisse<\/h2>\r\n<p>Avec la plus grande banque de cellules souches de l&rsquo;espace Europeen, Vita 34, dont le si\u00e8ge est \u00e0 Leipzig, est l&rsquo;expert en mati\u00e8re de stockage de cellules souches du cordon ombilical pr\u00e9lev\u00e9es \u00e0 la naissance.<\/p>\r\n<p>Les cellules souches sont d\u00e9j\u00e0 \u00e0 la base de nombreuses applications m\u00e9dicales. Gr\u00e2ce \u00e0 des th\u00e9rapies personnalis\u00e9es et adapt\u00e9es aux besoins individuels, elles contribueront \u00e0 d\u00e9finir la m\u00e9decine de demain. Depuis 1997, Vita 34 contribue \u00e0 faire de cette vision une r\u00e9alit\u00e9.<\/p>\r\n<p>En tant que fournisseur de services complets avec une centaine de collaborateurs, nous fournissons des prestations allant du pr\u00e9l\u00e8vement en passant par la pr\u00e9paration et la conservation dans notre laboratoire en Suisse. Plus de 230.000 clients de plus de 20 pays ont d\u00e9j\u00e0 pris des dispositions pour la sant\u00e9 de leur famille avec une conservation de cellules chez Vita 34.<\/p>","protected":false},"excerpt":{"rendered":"<p>Nous croyons aux progr\u00e8s de la m\u00e9decine et aux possibilit\u00e9s croissantes qui en d\u00e9coulent pour la sant\u00e9 des personnes. C&rsquo;est ce qui nous motive chaque jour. Nous voulons aider les [&hellip;]<\/p>\n","protected":false},"author":39,"featured_media":0,"parent":0,"menu_order":0,"comment_status":"closed","ping_status":"closed","template":"ueberuns.php","meta":{"_acf_changed":false,"content-type":"","footnotes":""},"class_list":["post-50636","page","type-page","status-publish","hentry"],"acf":[],"yoast_head":"<!-- This site is optimized with the Yoast SEO plugin v27.4 - https:\/\/yoast.com\/product\/yoast-seo-wordpress\/ -->\n<title>\u00c0 propos de nous - Vita34<\/title>\n<meta name=\"robots\" content=\"noindex, follow\" \/>\n<meta property=\"og:locale\" content=\"fr_FR\" \/>\n<meta property=\"og:type\" content=\"article\" \/>\n<meta property=\"og:title\" content=\"\u00c0 propos de nous - Vita34\" \/>\n<meta property=\"og:description\" content=\"Nous croyons aux progr\u00e8s de la m\u00e9decine et aux possibilit\u00e9s croissantes qui en d\u00e9coulent pour la sant\u00e9 des personnes. C&rsquo;est ce qui nous motive chaque jour. Nous voulons aider les [&hellip;]\" \/>\n<meta property=\"og:url\" content=\"https:\/\/www.vita34.ch\/fr\/propos-de-nous\/\" \/>\n<meta property=\"og:site_name\" content=\"Vita34\" \/>\n<meta property=\"article:modified_time\" content=\"2025-08-29T07:23:05+00:00\" \/>\n<meta name=\"twitter:card\" content=\"summary_large_image\" \/>\n<meta name=\"twitter:label1\" content=\"Dur\u00e9e de lecture estim\u00e9e\" \/>\n\t<meta name=\"twitter:data1\" content=\"2 minutes\" \/>\n<script type=\"application\/ld+json\" class=\"yoast-schema-graph\">{\"@context\":\"https:\\\/\\\/schema.org\",\"@graph\":[{\"@type\":\"WebPage\",\"@id\":\"https:\\\/\\\/www.vita34.ch\\\/fr\\\/propos-de-nous\\\/\",\"url\":\"https:\\\/\\\/www.vita34.ch\\\/fr\\\/propos-de-nous\\\/\",\"name\":\"\u00c0 propos de nous - Vita34\",\"isPartOf\":{\"@id\":\"https:\\\/\\\/www.vita34.ch\\\/#website\"},\"datePublished\":\"2022-07-21T08:15:56+00:00\",\"dateModified\":\"2025-08-29T07:23:05+00:00\",\"breadcrumb\":{\"@id\":\"https:\\\/\\\/www.vita34.ch\\\/fr\\\/propos-de-nous\\\/#breadcrumb\"},\"inLanguage\":\"fr-FR\",\"potentialAction\":[{\"@type\":\"ReadAction\",\"target\":[\"https:\\\/\\\/www.vita34.ch\\\/fr\\\/propos-de-nous\\\/\"]}]},{\"@type\":\"BreadcrumbList\",\"@id\":\"https:\\\/\\\/www.vita34.ch\\\/fr\\\/propos-de-nous\\\/#breadcrumb\",\"itemListElement\":[{\"@type\":\"ListItem\",\"position\":1,\"name\":\"Startseite\",\"item\":\"https:\\\/\\\/www.vita34.ch\\\/fr\\\/\"},{\"@type\":\"ListItem\",\"position\":2,\"name\":\"\u00c0 propos de nous\"}]},{\"@type\":\"WebSite\",\"@id\":\"https:\\\/\\\/www.vita34.ch\\\/#website\",\"url\":\"https:\\\/\\\/www.vita34.ch\\\/\",\"name\":\"Vita34\",\"description\":\"Einlagerung von Stammzellen bei Vita 34 - die Stammzellbank\",\"potentialAction\":[{\"@type\":\"SearchAction\",\"target\":{\"@type\":\"EntryPoint\",\"urlTemplate\":\"https:\\\/\\\/www.vita34.ch\\\/?s={search_term_string}\"},\"query-input\":{\"@type\":\"PropertyValueSpecification\",\"valueRequired\":true,\"valueName\":\"search_term_string\"}}],\"inLanguage\":\"fr-FR\"}]}<\/script>\n<!-- \/ Yoast SEO plugin. -->","yoast_head_json":{"title":"\u00c0 propos de nous - Vita34","robots":{"index":"noindex","follow":"follow"},"og_locale":"fr_FR","og_type":"article","og_title":"\u00c0 propos de nous - Vita34","og_description":"Nous croyons aux progr\u00e8s de la m\u00e9decine et aux possibilit\u00e9s croissantes qui en d\u00e9coulent pour la sant\u00e9 des personnes. C&rsquo;est ce qui nous motive chaque jour. Nous voulons aider les [&hellip;]","og_url":"https:\/\/www.vita34.ch\/fr\/propos-de-nous\/","og_site_name":"Vita34","article_modified_time":"2025-08-29T07:23:05+00:00","twitter_card":"summary_large_image","twitter_misc":{"Dur\u00e9e de lecture estim\u00e9e":"2 minutes"},"schema":{"@context":"https:\/\/schema.org","@graph":[{"@type":"WebPage","@id":"https:\/\/www.vita34.ch\/fr\/propos-de-nous\/","url":"https:\/\/www.vita34.ch\/fr\/propos-de-nous\/","name":"\u00c0 propos de nous - Vita34","isPartOf":{"@id":"https:\/\/www.vita34.ch\/#website"},"datePublished":"2022-07-21T08:15:56+00:00","dateModified":"2025-08-29T07:23:05+00:00","breadcrumb":{"@id":"https:\/\/www.vita34.ch\/fr\/propos-de-nous\/#breadcrumb"},"inLanguage":"fr-FR","potentialAction":[{"@type":"ReadAction","target":["https:\/\/www.vita34.ch\/fr\/propos-de-nous\/"]}]},{"@type":"BreadcrumbList","@id":"https:\/\/www.vita34.ch\/fr\/propos-de-nous\/#breadcrumb","itemListElement":[{"@type":"ListItem","position":1,"name":"Startseite","item":"https:\/\/www.vita34.ch\/fr\/"},{"@type":"ListItem","position":2,"name":"\u00c0 propos de nous"}]},{"@type":"WebSite","@id":"https:\/\/www.vita34.ch\/#website","url":"https:\/\/www.vita34.ch\/","name":"Vita34","description":"Einlagerung von Stammzellen bei Vita 34 - die Stammzellbank","potentialAction":[{"@type":"SearchAction","target":{"@type":"EntryPoint","urlTemplate":"https:\/\/www.vita34.ch\/?s={search_term_string}"},"query-input":{"@type":"PropertyValueSpecification","valueRequired":true,"valueName":"search_term_string"}}],"inLanguage":"fr-FR"}]}},"_links":{"self":[{"href":"https:\/\/www.vita34.ch\/fr\/wp-json\/wp\/v2\/pages\/50636","targetHints":{"allow":["GET"]}}],"collection":[{"href":"https:\/\/www.vita34.ch\/fr\/wp-json\/wp\/v2\/pages"}],"about":[{"href":"https:\/\/www.vita34.ch\/fr\/wp-json\/wp\/v2\/types\/page"}],"author":[{"embeddable":true,"href":"https:\/\/www.vita34.ch\/fr\/wp-json\/wp\/v2\/users\/39"}],"replies":[{"embeddable":true,"href":"https:\/\/www.vita34.ch\/fr\/wp-json\/wp\/v2\/comments?post=50636"}],"version-history":[{"count":10,"href":"https:\/\/www.vita34.ch\/fr\/wp-json\/wp\/v2\/pages\/50636\/revisions"}],"predecessor-version":[{"id":53579,"href":"https:\/\/www.vita34.ch\/fr\/wp-json\/wp\/v2\/pages\/50636\/revisions\/53579"}],"wp:attachment":[{"href":"https:\/\/www.vita34.ch\/fr\/wp-json\/wp\/v2\/media?parent=50636"}],"curies":[{"name":"wp","href":"https:\/\/api.w.org\/{rel}","templated":true}]}}